{"id":1084,"date":"2024-04-13T09:52:28","date_gmt":"2024-04-13T07:52:28","guid":{"rendered":"https:\/\/rab-excursions.com\/warum-uns\/"},"modified":"2024-04-13T09:52:28","modified_gmt":"2024-04-13T07:52:28","slug":"warum-uns","status":"publish","type":"page","link":"https:\/\/rab-excursions.com\/de\/warum-uns\/","title":{"rendered":"Warum Uns"},"content":{"rendered":"<p>Die Schifffahrt und die Betreuung der Touristen ist unser langj\u00e4hriges Familiengesch\u00e4ft und bei jeder Fahrt ist immer ein Mietglied unserer Familie auf dem Schiff.<\/p>\n<h2>Warum w\u00e4hlen Sie das Schiff Eros?<\/h2>\n<ul>\n<li>das modernste, schnellste und bequemste Schiff auf der Insel Rab.<\/li>\n<li>verschiedenartiges Programm und Informationen \u00fcber alle Orte an welchen wir vorbeifahren und in deren Richtung wir fahren und all das in 5 Weltsprachen<\/li>\n<li>grosse Deckfl\u00e4chen unter Sonne und Schatten<\/li>\n<li>grosser geschlossener Salon, in welchem 120 Personen in Sicherheit untergebracht werden k\u00f6nnen und kleiner Salon f\u00fcr 20 Personen vorgesehen im Fall von Unwetter, Regen und Wind.<\/li>\n<\/ul>\n<h2>Warum mit dem Schiff Kordika fahren?<\/h2>\n<ul>\n<li>einzigartiges Erlebnis mit authentischer Fischerei<\/li>\n<li>die l\u00e4ngste Tradition in Ausfl\u00fcgen mit Kombinierung von Fischfang mit Netzk\u00f6rben und Vorbereitung frischer Fische und anderer Mereresfr\u00fcchte.<\/li>\n<li>das Schiff wird von professionellen Fischern gef\u00fchrt, welche Ihnen einige Geheimnisse mit dem Netzkorb verraten werden und in Ihrer Anwesenheit den gefangenen Fisch waschen und und f\u00fcrs Grillen vorbereiten werden.<\/li>\n<li>Sie k\u00f6nnen in einer der sch\u00f6nsten Buchten der Insel Pag baden und auch den heilenden Schlamm geniessen.<\/li>\n<\/ul>\n","protected":false},"excerpt":{"rendered":"<p>Die Schifffahrt und die Betreuung der Touristen ist unser langj\u00e4hriges Familiengesch\u00e4ft und bei jeder Fahrt ist immer ein Mietglied unserer Familie auf dem Schiff. Warum w\u00e4hlen Sie das Schiff Eros? das modernste, schnellste und bequemste Schiff auf der Insel Rab. verschiedenartiges Programm und Informationen \u00fcber alle Orte an welchen wir vorbeifahren und in deren Richtung [&hellip;]<\/p>\n","protected":false},"author":1,"featured_media":0,"parent":0,"menu_order":0,"comment_status":"closed","ping_status":"closed","template":"","meta":{"_acf_changed":false,"_et_pb_use_builder":"","_et_pb_old_content":"","_et_gb_content_width":"","inline_featured_image":false,"footnotes":""},"class_list":["post-1084","page","type-page","status-publish","hentry"],"acf":[],"_links":{"self":[{"href":"https:\/\/rab-excursions.com\/de\/wp-json\/wp\/v2\/pages\/1084","targetHints":{"allow":["GET"]}}],"collection":[{"href":"https:\/\/rab-excursions.com\/de\/wp-json\/wp\/v2\/pages"}],"about":[{"href":"https:\/\/rab-excursions.com\/de\/wp-json\/wp\/v2\/types\/page"}],"author":[{"embeddable":true,"href":"https:\/\/rab-excursions.com\/de\/wp-json\/wp\/v2\/users\/1"}],"replies":[{"embeddable":true,"href":"https:\/\/rab-excursions.com\/de\/wp-json\/wp\/v2\/comments?post=1084"}],"version-history":[{"count":0,"href":"https:\/\/rab-excursions.com\/de\/wp-json\/wp\/v2\/pages\/1084\/revisions"}],"wp:attachment":[{"href":"https:\/\/rab-excursions.com\/de\/wp-json\/wp\/v2\/media?parent=1084"}],"curies":[{"name":"wp","href":"https:\/\/api.w.org\/{rel}","templated":true}]}}