{"id":1088,"date":"2024-04-11T08:07:12","date_gmt":"2024-04-11T06:07:12","guid":{"rendered":"https:\/\/rab-excursions.com\/uber-uns\/"},"modified":"2024-07-05T11:43:40","modified_gmt":"2024-07-05T09:43:40","slug":"uber-uns","status":"publish","type":"page","link":"https:\/\/rab-excursions.com\/de\/uber-uns\/","title":{"rendered":"\u0170ber uns"},"content":{"rendered":"<p>Diese Schifffahrt bekommt eine ernste und wichtige Form als wir im Jahr 1985 unser erstes Schiff \u201cDupin\u201d kaufen, dann verkaufen wir \u201cDupin\u201d 1988 und kaufen ein 15 Meter langes Schiff \u201cKordika\u201d-es ist gr\u00f6sser und besser ausgestattet und ist vollkommen ausreichend f\u00fcr den Bedarf unserer G\u00e4ste und ist heute noch im Einsatz \u2013 im Winter ist es f\u00fcr Fischerei und im Sommer f\u00fcr die Fischerei f\u00fcr die Touristen.<br \/>\nIm Jahr 2002 kauften wir das Schiff \u201cKordika dva\u201d (Kordika zwei), es ist ein 21 Meter langes Fischerschiff und es ist vollkommen an die Arbeit mit den Touristen und der Fischerei angepasst. Leider, nach dem neuen Gesetz und dem Verbot der Fischerei mit grossen Schiffen zwischen den Inseln, waren wir gezwungen die \u201cKordika dva\u201d zu verkaufen und das Schiff \u201cDiadora\u201d nur f\u00fcr den Transport der Touristen zu kaufen.<br \/>\nBald zeigte sich, dass dieses Schiff nicht unseren Bed\u00fcrfnissen entsprach, so verkauften wir es und kauften im Jahr 2007 das Schiff \u201cEros\u201d- heute eines der modernsten und bestausgestattesten Schiffen auf der Insel Rab.<\/p>\n","protected":false},"excerpt":{"rendered":"<p>Diese Schifffahrt bekommt eine ernste und wichtige Form als wir im Jahr 1985 unser erstes Schiff \u201cDupin\u201d kaufen, dann verkaufen wir \u201cDupin\u201d 1988 und kaufen ein 15 Meter langes Schiff \u201cKordika\u201d-es ist gr\u00f6sser und besser ausgestattet und ist vollkommen ausreichend f\u00fcr den Bedarf unserer G\u00e4ste und ist heute noch im Einsatz \u2013 im Winter ist [&hellip;]<\/p>\n","protected":false},"author":1,"featured_media":0,"parent":0,"menu_order":0,"comment_status":"closed","ping_status":"closed","template":"","meta":{"_acf_changed":false,"_et_pb_use_builder":"","_et_pb_old_content":"","_et_gb_content_width":"","inline_featured_image":false,"footnotes":""},"class_list":["post-1088","page","type-page","status-publish","hentry"],"acf":[],"_links":{"self":[{"href":"https:\/\/rab-excursions.com\/de\/wp-json\/wp\/v2\/pages\/1088","targetHints":{"allow":["GET"]}}],"collection":[{"href":"https:\/\/rab-excursions.com\/de\/wp-json\/wp\/v2\/pages"}],"about":[{"href":"https:\/\/rab-excursions.com\/de\/wp-json\/wp\/v2\/types\/page"}],"author":[{"embeddable":true,"href":"https:\/\/rab-excursions.com\/de\/wp-json\/wp\/v2\/users\/1"}],"replies":[{"embeddable":true,"href":"https:\/\/rab-excursions.com\/de\/wp-json\/wp\/v2\/comments?post=1088"}],"version-history":[{"count":0,"href":"https:\/\/rab-excursions.com\/de\/wp-json\/wp\/v2\/pages\/1088\/revisions"}],"wp:attachment":[{"href":"https:\/\/rab-excursions.com\/de\/wp-json\/wp\/v2\/media?parent=1088"}],"curies":[{"name":"wp","href":"https:\/\/api.w.org\/{rel}","templated":true}]}}