{"id":111,"date":"2024-04-09T23:16:47","date_gmt":"2024-04-09T21:16:47","guid":{"rendered":"https:\/\/rab-excursions.com\/home\/"},"modified":"2024-04-15T10:34:06","modified_gmt":"2024-04-15T08:34:06","slug":"home","status":"publish","type":"page","link":"https:\/\/rab-excursions.com\/de\/","title":{"rendered":"Home"},"content":{"rendered":"<p>Damit Sie ein vollkommenes Erlebnis eines Urlaubs auf der Insel bekommen und das Meer von einer anderen Sicht erleben k\u00f6nnen, bieten wir Ihne einige Ausfl\u00fcge mit dem Schiff. Sie k\u00f6nnen mit uns zu anderen Kvarner Inseln fahren \u2013 Lo\u0161inj, Cres, Krk, Pag \u2013 oder die Insel Rab umfahren und den einzigartigen \u201cFjord\u201d Zavratnica, Goli otok und Grgur besuchen. Wir werden Ihnen helfen, die besonderen Geheimnisse dieses Klimas zu entdecken. Sie werden auch unvergessliche Zeit mit autentischem Fischfang, frischem Duft von Meer und frischem Fisch erleben, die Meeresfr\u00fcchte geniessen und in einer der sch\u00f6nsten Badebucht der Insel Rab schwimmen.<br \/>\nSehr oft sind unsere Reisebegleiter Delphine und wenn wir Gl\u00fcck haben, erleben sie eine unbeschreiblich sch\u00f6ne Zeit mit ihnen. Alle Abfahrten sind aus dem Hafen Rab, aber wenn Sie in Lopar und San Marin Ihre Unterkunft haben,organisieren wir den Transfer zum Schiff. Wir finden f\u00fcr sie g\u00fcnstige Ganztagsparkpl\u00e4tze.<br \/>\n<strong>Ein Urlaub in unseren Appartements bringt f\u00fcr Sie eine kostenlose Schifffahrt f\u00fcr die ganze Familie.<\/strong><\/p>\n","protected":false},"excerpt":{"rendered":"<p>Damit Sie ein vollkommenes Erlebnis eines Urlaubs auf der Insel bekommen und das Meer von einer anderen Sicht erleben k\u00f6nnen, bieten wir Ihne einige Ausfl\u00fcge mit dem Schiff. Sie k\u00f6nnen mit uns zu anderen Kvarner Inseln fahren \u2013 Lo\u0161inj, Cres, Krk, Pag \u2013 oder die Insel Rab umfahren und den einzigartigen \u201cFjord\u201d Zavratnica, Goli otok [&hellip;]<\/p>\n","protected":false},"author":1,"featured_media":0,"parent":0,"menu_order":0,"comment_status":"closed","ping_status":"closed","template":"","meta":{"_acf_changed":false,"_et_pb_use_builder":"","_et_pb_old_content":"","_et_gb_content_width":"","inline_featured_image":false,"footnotes":""},"class_list":["post-111","page","type-page","status-publish","hentry"],"acf":[],"_links":{"self":[{"href":"https:\/\/rab-excursions.com\/de\/wp-json\/wp\/v2\/pages\/111","targetHints":{"allow":["GET"]}}],"collection":[{"href":"https:\/\/rab-excursions.com\/de\/wp-json\/wp\/v2\/pages"}],"about":[{"href":"https:\/\/rab-excursions.com\/de\/wp-json\/wp\/v2\/types\/page"}],"author":[{"embeddable":true,"href":"https:\/\/rab-excursions.com\/de\/wp-json\/wp\/v2\/users\/1"}],"replies":[{"embeddable":true,"href":"https:\/\/rab-excursions.com\/de\/wp-json\/wp\/v2\/comments?post=111"}],"version-history":[{"count":0,"href":"https:\/\/rab-excursions.com\/de\/wp-json\/wp\/v2\/pages\/111\/revisions"}],"wp:attachment":[{"href":"https:\/\/rab-excursions.com\/de\/wp-json\/wp\/v2\/media?parent=111"}],"curies":[{"name":"wp","href":"https:\/\/api.w.org\/{rel}","templated":true}]}}