{"id":1287,"date":"2024-04-13T09:51:52","date_gmt":"2024-04-13T07:51:52","guid":{"rendered":"https:\/\/rab-excursions.com\/ausfluege\/"},"modified":"2024-07-05T10:27:22","modified_gmt":"2024-07-05T08:27:22","slug":"ausfluege","status":"publish","type":"page","link":"https:\/\/rab-excursions.com\/de\/ausfluege\/","title":{"rendered":"Ausfl\u00fcge"},"content":{"rendered":"<p>F\u00fcr Agenturen und gr\u00f6ssere Gruppen organisieren wir auch Ausfl\u00fcge zu anderen Destinationen nach Vereinbarung.<\/p>\n<p>Anmerkung:<\/p>\n<p>die Dauer der Schifffahrt h\u00e4ngt von vielen Faktoren ab (von dem Wetter, eventuellem Treffen mit den Delfinen, die L\u00e4nge des Schwimmaufenthalts&#8230;) so ist die Ankunftzeit zu den bestimmten Orten sehr schwer genau vorherzusehen. Das bedeutet, dass alle angef\u00fchrten Ankunftzeiten nicht definitiv sind. \u00dcber die Abfahrtzeit der Schiffe von den einzelnen Destinationen werden Sie \u00fcber den Lautsprecher informiert.<\/p>\n<p>falls schlechtes Wetter ist, gibt es ein alternatives Ausflugsangebot. <strong>.<\/strong><\/p>\n<p><a class=\"dokument\" href=\"\/wp-content\/uploads\/2024\/07\/Raspored-plovidbe-novi.pdf\" target=\"_blank\" rel=\"noopener\">Navigationszeitplan.pdf<\/a><\/p>\n<p><a class=\"dokument\" href=\"\/wp-content\/uploads\/2024\/04\/Karta-rute.pdf\" target=\"_blank\" rel=\"noopener\">Karte der Routen.pdf<\/a><\/p>\n","protected":false},"excerpt":{"rendered":"<p>F\u00fcr Agenturen und gr\u00f6ssere Gruppen organisieren wir auch Ausfl\u00fcge zu anderen Destinationen nach Vereinbarung. Anmerkung: die Dauer der Schifffahrt h\u00e4ngt von vielen Faktoren ab (von dem Wetter, eventuellem Treffen mit den Delfinen, die L\u00e4nge des Schwimmaufenthalts&#8230;) so ist die Ankunftzeit zu den bestimmten Orten sehr schwer genau vorherzusehen. Das bedeutet, dass alle angef\u00fchrten Ankunftzeiten nicht [&hellip;]<\/p>\n","protected":false},"author":1,"featured_media":0,"parent":0,"menu_order":0,"comment_status":"closed","ping_status":"closed","template":"","meta":{"_acf_changed":false,"_et_pb_use_builder":"","_et_pb_old_content":"","_et_gb_content_width":"","inline_featured_image":false,"footnotes":""},"class_list":["post-1287","page","type-page","status-publish","hentry"],"acf":[],"_links":{"self":[{"href":"https:\/\/rab-excursions.com\/de\/wp-json\/wp\/v2\/pages\/1287","targetHints":{"allow":["GET"]}}],"collection":[{"href":"https:\/\/rab-excursions.com\/de\/wp-json\/wp\/v2\/pages"}],"about":[{"href":"https:\/\/rab-excursions.com\/de\/wp-json\/wp\/v2\/types\/page"}],"author":[{"embeddable":true,"href":"https:\/\/rab-excursions.com\/de\/wp-json\/wp\/v2\/users\/1"}],"replies":[{"embeddable":true,"href":"https:\/\/rab-excursions.com\/de\/wp-json\/wp\/v2\/comments?post=1287"}],"version-history":[{"count":0,"href":"https:\/\/rab-excursions.com\/de\/wp-json\/wp\/v2\/pages\/1287\/revisions"}],"wp:attachment":[{"href":"https:\/\/rab-excursions.com\/de\/wp-json\/wp\/v2\/media?parent=1287"}],"curies":[{"name":"wp","href":"https:\/\/api.w.org\/{rel}","templated":true}]}}