{"id":834,"date":"2024-04-11T08:07:50","date_gmt":"2024-04-11T06:07:50","guid":{"rendered":"https:\/\/rab-excursions.com\/lokalitaet\/"},"modified":"2024-04-15T11:56:14","modified_gmt":"2024-04-15T09:56:14","slug":"lokalitaet","status":"publish","type":"page","link":"https:\/\/rab-excursions.com\/de\/lokalitaet\/","title":{"rendered":"Lokalit\u00e4t"},"content":{"rendered":"<p>Die Schiffe Eros und Kordika liegen im Haupthafen Rab.<\/p>\n<p>Jeden Tag am Abend von 19 bis 23 Uhr (in der Saison) k\u00f6nnen Sie uns besuchen und Karten reservieren. In der Vor,- und Nachsaison besuchen Sie uns zwischen 19 und 22 Uhr und im Falle schlechten Wetters stehen wir Ihnen auch tags\u00fcber zur Verf\u00fcgung.<\/p>\n<p>Nat\u00fcrlich sind wir immer auf den Telefonnummern befindend f\u00fcr Sie erreichbar. <a href=\"https:\/\/rab-excursions.com\/kontakt\/\">hier.<\/a><\/p>\n<p><a class=\"pop\" href=\"#lokacija\">Schau dir den Ort an<\/a><\/p>\n","protected":false},"excerpt":{"rendered":"<p>Die Schiffe Eros und Kordika liegen im Haupthafen Rab. Jeden Tag am Abend von 19 bis 23 Uhr (in der Saison) k\u00f6nnen Sie uns besuchen und Karten reservieren. In der Vor,- und Nachsaison besuchen Sie uns zwischen 19 und 22 Uhr und im Falle schlechten Wetters stehen wir Ihnen auch tags\u00fcber zur Verf\u00fcgung. Nat\u00fcrlich sind [&hellip;]<\/p>\n","protected":false},"author":1,"featured_media":0,"parent":0,"menu_order":0,"comment_status":"closed","ping_status":"closed","template":"","meta":{"_acf_changed":false,"_et_pb_use_builder":"","_et_pb_old_content":"","_et_gb_content_width":"","inline_featured_image":false,"footnotes":""},"class_list":["post-834","page","type-page","status-publish","hentry"],"acf":[],"_links":{"self":[{"href":"https:\/\/rab-excursions.com\/de\/wp-json\/wp\/v2\/pages\/834","targetHints":{"allow":["GET"]}}],"collection":[{"href":"https:\/\/rab-excursions.com\/de\/wp-json\/wp\/v2\/pages"}],"about":[{"href":"https:\/\/rab-excursions.com\/de\/wp-json\/wp\/v2\/types\/page"}],"author":[{"embeddable":true,"href":"https:\/\/rab-excursions.com\/de\/wp-json\/wp\/v2\/users\/1"}],"replies":[{"embeddable":true,"href":"https:\/\/rab-excursions.com\/de\/wp-json\/wp\/v2\/comments?post=834"}],"version-history":[{"count":0,"href":"https:\/\/rab-excursions.com\/de\/wp-json\/wp\/v2\/pages\/834\/revisions"}],"wp:attachment":[{"href":"https:\/\/rab-excursions.com\/de\/wp-json\/wp\/v2\/media?parent=834"}],"curies":[{"name":"wp","href":"https:\/\/api.w.org\/{rel}","templated":true}]}}