{"id":843,"date":"2024-04-11T08:07:40","date_gmt":"2024-04-11T06:07:40","guid":{"rendered":"https:\/\/rab-excursions.com\/faq\/"},"modified":"2024-04-11T08:07:40","modified_gmt":"2024-04-11T06:07:40","slug":"faq","status":"publish","type":"page","link":"https:\/\/rab-excursions.com\/de\/faq\/","title":{"rendered":"FAQ"},"content":{"rendered":"<h2>Werden wir Delphine sehen?<\/h2>\n<p>Das ist die meistgestellte Frage \u2013 welche sehr schwer zu beantworten ist.<\/p>\n<p>Die Tatsache ist, dass wir ihnen sehr oft begegnen, es geschah auch, dass wir ihnen w\u00e4hrend einer Fahrt sehr oft begegnen, aber es kann auch vorkommen, dass wir keine Delphine sehen. Chancen sind 50:50. Die Tatsache, dass sich um die Insel Lo\u0161inj ein Reservat f\u00fcr Delphine befindet bedeutet nicht, dass sie im Zaum gehalten werden. Sie sind frei und bewegen sich frei wohin sie m\u00f6chten. Wir begneten ihnen auch oft um die Insel Rab.<\/p>\n<p>Mit anderen Worten, niemand kann Ihnen versprechen, dass Sie die Delphine sehen. Es ist nur eine Frage des Gl\u00fccks, welches wir sehr oft bis jetzt hatten.<\/p>\n<h2>Was bedeuten die R\u00f6hre, welche auf den Inseln zu sehen sind?<\/h2>\n<p>Das, was vom weitem als R\u00f6hre aussehen sind in Wircklichkeit sogenante trockene Steinmauern \u2013 eine traditionelle Form der Begrenzung einzelner Parzellen um die Schafe auf dem Eigentum zu behalten.<\/p>\n<p>Diese Mauern sind oft einige hunderte Jahre alt und sind das Resultat schwerer Arbeit hiesiger Leute, die mit eigenen H\u00e4nden die Steine ohne irgendwelche Bindemittel Stein auf Stein in Strukturen gelegt haben, welche noch heute fest sind und wiederstand geben. Diese Grenzmauern sind ein besonderes Denkmal der menschlichen Arbeit und des schweren Lebens auf den Inseln.<\/p>\n<h2>Welche ist die gr\u00f6sste Tiefe um die Insel Rab?<\/h2>\n<p>Die gr\u00f6sste Tiefe ist 112 Meter, befindet sich zwischen Land und der Insel Rab. Zur Messung der Meerestiefe ben\u00fctzen wir den Tiefenmesser welchen wir in dem Steuerraum haben.<\/p>\n","protected":false},"excerpt":{"rendered":"<p>Werden wir Delphine sehen? Das ist die meistgestellte Frage \u2013 welche sehr schwer zu beantworten ist. Die Tatsache ist, dass wir ihnen sehr oft begegnen, es geschah auch, dass wir ihnen w\u00e4hrend einer Fahrt sehr oft begegnen, aber es kann auch vorkommen, dass wir keine Delphine sehen. Chancen sind 50:50. Die Tatsache, dass sich um [&hellip;]<\/p>\n","protected":false},"author":1,"featured_media":0,"parent":0,"menu_order":0,"comment_status":"closed","ping_status":"closed","template":"","meta":{"_acf_changed":false,"_et_pb_use_builder":"","_et_pb_old_content":"","_et_gb_content_width":"","inline_featured_image":false,"footnotes":""},"class_list":["post-843","page","type-page","status-publish","hentry"],"acf":[],"_links":{"self":[{"href":"https:\/\/rab-excursions.com\/de\/wp-json\/wp\/v2\/pages\/843","targetHints":{"allow":["GET"]}}],"collection":[{"href":"https:\/\/rab-excursions.com\/de\/wp-json\/wp\/v2\/pages"}],"about":[{"href":"https:\/\/rab-excursions.com\/de\/wp-json\/wp\/v2\/types\/page"}],"author":[{"embeddable":true,"href":"https:\/\/rab-excursions.com\/de\/wp-json\/wp\/v2\/users\/1"}],"replies":[{"embeddable":true,"href":"https:\/\/rab-excursions.com\/de\/wp-json\/wp\/v2\/comments?post=843"}],"version-history":[{"count":0,"href":"https:\/\/rab-excursions.com\/de\/wp-json\/wp\/v2\/pages\/843\/revisions"}],"wp:attachment":[{"href":"https:\/\/rab-excursions.com\/de\/wp-json\/wp\/v2\/media?parent=843"}],"curies":[{"name":"wp","href":"https:\/\/api.w.org\/{rel}","templated":true}]}}