{"id":868,"date":"2024-04-11T08:07:28","date_gmt":"2024-04-11T06:07:28","guid":{"rendered":"https:\/\/rab-excursions.com\/unterkunft\/"},"modified":"2024-07-05T11:59:41","modified_gmt":"2024-07-05T09:59:41","slug":"unterkunft","status":"publish","type":"page","link":"https:\/\/rab-excursions.com\/de\/unterkunft\/","title":{"rendered":"Unterkunft"},"content":{"rendered":"<h2>Zimmer<\/h2>\n<p>Zweibettzimmer mit Hilfsbett.<br \/>\nAlle Zimmer haben Dusche, WC, Balkon, TV und Zimmerk\u00fchlschrank.<\/p>\n<h2><\/h2>\n<h2>Apartments<\/h2>\n<h2><\/h2>\n<h4 class=\"app\">Apartman f\u00fcr 2+1 Person, cca 25m<sup>2<\/sup><\/h4>\n<h2><\/h2>\n<p>Es besteht aus:<\/p>\n<ul class=\"app-ul\">\n<li>Zimmer mit doppelbett und Hilfsbett,<\/li>\n<li>dK\u00fcche mit E\u03b2diele,<\/li>\n<li>Dusche und WC,<\/li>\n<li>Terasse cca 9m<sup>2<\/sup> mit Sonnendach<\/li>\n<\/ul>\n<h2><\/h2>\n<h4 class=\"app\">Apartman f\u00fcr 2+3 Personen, Dachwohnung, cca 50m<sup>2<\/sup><\/h4>\n<h2><\/h2>\n<p>Es besteht aus:<\/p>\n<ul class=\"app-ul\">\n<li>Zimmer mit Doppelbett,<\/li>\n<li>K\u00fcche mit E\u03b2diele,<\/li>\n<li>Hilfsbett,<\/li>\n<li>Hilfsbett,<\/li>\n<li>Dusche und WC,<\/li>\n<li>eine Terrasse cca 5m<sup>2<\/sup> mit Sonnendach<\/li>\n<\/ul>\n<p>Beide Appartements haben TV, K\u00fchlschrank, Herd, Geschierr, Klimaanlage.<\/p>\n<h2><\/h2>\n<h2>Entfernung<\/h2>\n<ul class=\"distance\">\n<li>Strand: 200m<\/li>\n<li>Gesch\u00e4ft: 100m<\/li>\n<li>Restaurant: 150m<\/li>\n<\/ul>\n<h2><\/h2>\n<h3>Wenn Sie eine kostenlose Fahrt w\u00fcnschen verbringen Sie den Urlaub bei uns!<\/h3>\n<p>Wenn Sie einen mindenstens 7 Tage langen Urlaub bei uns verbringen m\u00f6chten belohnen wir Sie mit einer kostenlosen Fahrt nach Wunsch f\u00fcr die ganze Familie!<\/p>\n<p>Die Fahrt sollte man 2-3 Tage fr\u00fcher reservieren.<\/p>\n<h2><\/h2>\n<h3>Rufen Sie uns zwegs Reservierung und f\u00fcr weitere Informationen an:<\/h3>\n<h2><\/h2>\n<p>Mira Kordi\u0107<br \/>\nBarbat 300<br \/>\n51 280 Rab<br \/>\nKroatien<\/p>\n<p>Telefon und Fax:<br \/>\n(+385) 51 721 313<br \/>\nTelefon:<br \/>\n(+385) 98 327 208<\/p>\n","protected":false},"excerpt":{"rendered":"<p>Zimmer Zweibettzimmer mit Hilfsbett. Alle Zimmer haben Dusche, WC, Balkon, TV und Zimmerk\u00fchlschrank. Apartments Apartman f\u00fcr 2+1 Person, cca 25m2 Es besteht aus: Zimmer mit doppelbett und Hilfsbett, dK\u00fcche mit E\u03b2diele, Dusche und WC, Terasse cca 9m2 mit Sonnendach Apartman f\u00fcr 2+3 Personen, Dachwohnung, cca 50m2 Es besteht aus: Zimmer mit Doppelbett, K\u00fcche mit E\u03b2diele, [&hellip;]<\/p>\n","protected":false},"author":1,"featured_media":0,"parent":0,"menu_order":0,"comment_status":"closed","ping_status":"closed","template":"","meta":{"_acf_changed":false,"_et_pb_use_builder":"","_et_pb_old_content":"","_et_gb_content_width":"","inline_featured_image":false,"footnotes":""},"class_list":["post-868","page","type-page","status-publish","hentry"],"acf":[],"_links":{"self":[{"href":"https:\/\/rab-excursions.com\/de\/wp-json\/wp\/v2\/pages\/868","targetHints":{"allow":["GET"]}}],"collection":[{"href":"https:\/\/rab-excursions.com\/de\/wp-json\/wp\/v2\/pages"}],"about":[{"href":"https:\/\/rab-excursions.com\/de\/wp-json\/wp\/v2\/types\/page"}],"author":[{"embeddable":true,"href":"https:\/\/rab-excursions.com\/de\/wp-json\/wp\/v2\/users\/1"}],"replies":[{"embeddable":true,"href":"https:\/\/rab-excursions.com\/de\/wp-json\/wp\/v2\/comments?post=868"}],"version-history":[{"count":0,"href":"https:\/\/rab-excursions.com\/de\/wp-json\/wp\/v2\/pages\/868\/revisions"}],"wp:attachment":[{"href":"https:\/\/rab-excursions.com\/de\/wp-json\/wp\/v2\/media?parent=868"}],"curies":[{"name":"wp","href":"https:\/\/api.w.org\/{rel}","templated":true}]}}