{"id":950,"date":"2024-04-13T09:52:45","date_gmt":"2024-04-13T07:52:45","guid":{"rendered":"https:\/\/rab-excursions.com\/besondere-beguenstigungen\/"},"modified":"2024-04-17T11:00:36","modified_gmt":"2024-04-17T09:00:36","slug":"besondere-beguenstigungen","status":"publish","type":"page","link":"https:\/\/rab-excursions.com\/de\/besondere-beguenstigungen\/","title":{"rendered":"Besondere Beg\u00fcnstigungen"},"content":{"rendered":"<p>Kinder bis 6 Jahren &#8211; Gratis<br \/>\nKinder von 6 bis 12 Jahren \u2013 halber Preis<br \/>\nf\u00fcr jeden weiteren Ausflug mit uns bekommen Sie 10% Preiserla\u03b2 auf den Ausflug ohne Mittagessen<br \/>\nf\u00fcr Gruppen \u00fcber 20 Personen und f\u00fcr die Agenturg\u00e4ste &#8211; besonderer Preiserlass nach Vereinbarung<br \/>\nin der Vor,- und Nachsaison k\u00f6nnen wir f\u00fcr Gruppen und Agenturen alternative Ausfl\u00fcge nach Vereinbarung organizieren<br \/>\nM\u00f6glichkeiten in der Vor,- und Nachsaison verschiedene Feiern zu organizieren.<\/p>\n","protected":false},"excerpt":{"rendered":"<p>Kinder bis 6 Jahren &#8211; Gratis Kinder von 6 bis 12 Jahren \u2013 halber Preis f\u00fcr jeden weiteren Ausflug mit uns bekommen Sie 10% Preiserla\u03b2 auf den Ausflug ohne Mittagessen f\u00fcr Gruppen \u00fcber 20 Personen und f\u00fcr die Agenturg\u00e4ste &#8211; besonderer Preiserlass nach Vereinbarung in der Vor,- und Nachsaison k\u00f6nnen wir f\u00fcr Gruppen und Agenturen [&hellip;]<\/p>\n","protected":false},"author":1,"featured_media":0,"parent":0,"menu_order":0,"comment_status":"closed","ping_status":"closed","template":"","meta":{"_acf_changed":false,"_et_pb_use_builder":"","_et_pb_old_content":"","_et_gb_content_width":"","inline_featured_image":false,"footnotes":""},"class_list":["post-950","page","type-page","status-publish","hentry"],"acf":[],"_links":{"self":[{"href":"https:\/\/rab-excursions.com\/de\/wp-json\/wp\/v2\/pages\/950","targetHints":{"allow":["GET"]}}],"collection":[{"href":"https:\/\/rab-excursions.com\/de\/wp-json\/wp\/v2\/pages"}],"about":[{"href":"https:\/\/rab-excursions.com\/de\/wp-json\/wp\/v2\/types\/page"}],"author":[{"embeddable":true,"href":"https:\/\/rab-excursions.com\/de\/wp-json\/wp\/v2\/users\/1"}],"replies":[{"embeddable":true,"href":"https:\/\/rab-excursions.com\/de\/wp-json\/wp\/v2\/comments?post=950"}],"version-history":[{"count":0,"href":"https:\/\/rab-excursions.com\/de\/wp-json\/wp\/v2\/pages\/950\/revisions"}],"wp:attachment":[{"href":"https:\/\/rab-excursions.com\/de\/wp-json\/wp\/v2\/media?parent=950"}],"curies":[{"name":"wp","href":"https:\/\/api.w.org\/{rel}","templated":true}]}}