{"id":418,"date":"2024-04-13T09:51:52","date_gmt":"2024-04-13T07:51:52","guid":{"rendered":"https:\/\/rab-excursions.com\/?page_id=418"},"modified":"2024-07-05T10:25:59","modified_gmt":"2024-07-05T08:25:59","slug":"izleti","status":"publish","type":"page","link":"https:\/\/rab-excursions.com\/hr\/izleti\/","title":{"rendered":"Izleti i destinacije"},"content":{"rendered":"<p>Za agencije i ve\u0107e grupe organiziramo i izlete na druge destinacije, prema dogovoru.<\/p>\n<p>Napomene:<\/p>\n<p>Vrijeme plovidbe ovisi o vi\u0161e \u010dimbenika (o vremenu, eventualnom susretu s dupinima, du\u017eini zaustavljanja za kupanje&#8230;) pa je vrijeme dolaska na pojedina mjesta te\u0161ko predvidjeti s velikom precizno\u0161\u0107u. To zna\u010di da su sva nazna\u010dena vremena dolazaka pribli\u017ena. O vremenu polazaka broda s pojedinih destinacija bit \u0107ete obavije\u0161teni preko razglasa.<\/p>\n<p>U slu\u010daju lo\u0161eg vremena biramo alternativne pravce plovidbe.\u00a0<strong>Raspored izleta podlo\u017ean je promjenama.<\/strong><\/p>\n<p><a class=\"dokument\" href=\"\/wp-content\/uploads\/2024\/07\/Raspored-plovidbe-novi.pdf\" target=\"_blank\" rel=\"noopener\">Raspored plovidbe.pdf<\/a><\/p>\n<p><a class=\"dokument\" href=\"\/wp-content\/uploads\/2024\/04\/Karta-rute.pdf\" target=\"_blank\" rel=\"noopener\">Karta s rutama.pdf<\/a><\/p>\n","protected":false},"excerpt":{"rendered":"<p>Za agencije i ve\u0107e grupe organiziramo i izlete na druge destinacije, prema dogovoru. Napomene: Vrijeme plovidbe ovisi o vi\u0161e \u010dimbenika (o vremenu, eventualnom susretu s dupinima, du\u017eini zaustavljanja za kupanje&#8230;) pa je vrijeme dolaska na pojedina mjesta te\u0161ko predvidjeti s velikom precizno\u0161\u0107u. To zna\u010di da su sva nazna\u010dena vremena dolazaka pribli\u017ena. O vremenu polazaka broda [&hellip;]<\/p>\n","protected":false},"author":1,"featured_media":0,"parent":0,"menu_order":0,"comment_status":"closed","ping_status":"closed","template":"","meta":{"_acf_changed":false,"_et_pb_use_builder":"","_et_pb_old_content":"","_et_gb_content_width":"","inline_featured_image":false,"footnotes":""},"class_list":["post-418","page","type-page","status-publish","hentry"],"acf":[],"_links":{"self":[{"href":"https:\/\/rab-excursions.com\/hr\/wp-json\/wp\/v2\/pages\/418","targetHints":{"allow":["GET"]}}],"collection":[{"href":"https:\/\/rab-excursions.com\/hr\/wp-json\/wp\/v2\/pages"}],"about":[{"href":"https:\/\/rab-excursions.com\/hr\/wp-json\/wp\/v2\/types\/page"}],"author":[{"embeddable":true,"href":"https:\/\/rab-excursions.com\/hr\/wp-json\/wp\/v2\/users\/1"}],"replies":[{"embeddable":true,"href":"https:\/\/rab-excursions.com\/hr\/wp-json\/wp\/v2\/comments?post=418"}],"version-history":[{"count":0,"href":"https:\/\/rab-excursions.com\/hr\/wp-json\/wp\/v2\/pages\/418\/revisions"}],"wp:attachment":[{"href":"https:\/\/rab-excursions.com\/hr\/wp-json\/wp\/v2\/media?parent=418"}],"curies":[{"name":"wp","href":"https:\/\/api.w.org\/{rel}","templated":true}]}}