{"id":420,"date":"2024-04-13T09:52:28","date_gmt":"2024-04-13T07:52:28","guid":{"rendered":"https:\/\/rab-excursions.com\/?page_id=420"},"modified":"2024-04-13T11:55:28","modified_gmt":"2024-04-13T09:55:28","slug":"zasto-odabrati-nas","status":"publish","type":"page","link":"https:\/\/rab-excursions.com\/hr\/zasto-odabrati-nas\/","title":{"rendered":"Za\u0161to odabrati ba\u0161 nas"},"content":{"rendered":"<p>Brodarenje i rad s turistima na\u0161 je dugogodi\u0161nji obiteljski posao i na svakom je brodu prisutan neki od \u010dlanova obitelji.<\/p>\n<h2>Za\u0161to odabrati brod &#8220;Eros&#8221;?<\/h2>\n<ul>\n<li>najmoderniji, najbr\u017ei i najkomforniji brod na otoku Rabu<\/li>\n<li>najraznovrsniji program i informacije o mjestima kraj kojih i prema kojima plovimo na 5 jezika<\/li>\n<li>velike sun\u010dane i palube u hladu<\/li>\n<li>veliki zatvoreni salon u koji se mo\u017ee skloniti 120 osoba, te mali salon za 20 osoba u slu\u010daju nevremena, ki\u0161e ili vjetra<\/li>\n<\/ul>\n<h2>Za\u0161to odabrati brod &#8220;Kordika&#8221;?<\/h2>\n<ul>\n<li>jedinstveni do\u017eivljaj autenti\u010dnog ribolova<\/li>\n<li>najdu\u017ea tradicija izleta u kojem se kombinira ko\u010darenje i priprema svje\u017ee ulovljene ribe te morskih delicija<\/li>\n<li>brod vode profesionalni ribari koji \u0107e vas uputiti u tajne ribolova s ko\u010dom i pred vama o\u010distiti i pripremiti ulovljenu ribu<\/li>\n<li>kupat \u0107ete se u jednoj od najljep\u0161ih uvala otoka Paga gdje postoji i ljekovito blato<\/li>\n<\/ul>\n","protected":false},"excerpt":{"rendered":"<p>Brodarenje i rad s turistima na\u0161 je dugogodi\u0161nji obiteljski posao i na svakom je brodu prisutan neki od \u010dlanova obitelji. Za\u0161to odabrati brod &#8220;Eros&#8221;? najmoderniji, najbr\u017ei i najkomforniji brod na otoku Rabu najraznovrsniji program i informacije o mjestima kraj kojih i prema kojima plovimo na 5 jezika velike sun\u010dane i palube u hladu veliki zatvoreni [&hellip;]<\/p>\n","protected":false},"author":1,"featured_media":0,"parent":0,"menu_order":0,"comment_status":"closed","ping_status":"closed","template":"","meta":{"_acf_changed":false,"_et_pb_use_builder":"","_et_pb_old_content":"","_et_gb_content_width":"","inline_featured_image":false,"footnotes":""},"class_list":["post-420","page","type-page","status-publish","hentry"],"acf":[],"_links":{"self":[{"href":"https:\/\/rab-excursions.com\/hr\/wp-json\/wp\/v2\/pages\/420","targetHints":{"allow":["GET"]}}],"collection":[{"href":"https:\/\/rab-excursions.com\/hr\/wp-json\/wp\/v2\/pages"}],"about":[{"href":"https:\/\/rab-excursions.com\/hr\/wp-json\/wp\/v2\/types\/page"}],"author":[{"embeddable":true,"href":"https:\/\/rab-excursions.com\/hr\/wp-json\/wp\/v2\/users\/1"}],"replies":[{"embeddable":true,"href":"https:\/\/rab-excursions.com\/hr\/wp-json\/wp\/v2\/comments?post=420"}],"version-history":[{"count":0,"href":"https:\/\/rab-excursions.com\/hr\/wp-json\/wp\/v2\/pages\/420\/revisions"}],"wp:attachment":[{"href":"https:\/\/rab-excursions.com\/hr\/wp-json\/wp\/v2\/media?parent=420"}],"curies":[{"name":"wp","href":"https:\/\/api.w.org\/{rel}","templated":true}]}}