{"id":44,"date":"2024-04-11T08:07:12","date_gmt":"2024-04-11T06:07:12","guid":{"rendered":"https:\/\/rab-excursions.com\/?page_id=44"},"modified":"2024-07-05T10:45:07","modified_gmt":"2024-07-05T08:45:07","slug":"o-nama","status":"publish","type":"page","link":"https:\/\/rab-excursions.com\/hr\/o-nama\/","title":{"rendered":"O nama"},"content":{"rendered":"<p>Ozbiljniji obrisi plovidbe s turistima naziru se iz 1985. godine kada smo kupili prvi brod, &#8220;Dupin&#8221;, te iz 1988. godine kada prodajemo &#8220;Dupina&#8221; i kupujemo 15-metarski brod &#8220;Kordiku&#8221; &#8211; ve\u0107i i opremljeniji od prethodnog, koji u potpunosti zadovoljava potrebe na\u0161ih klijenata. \u201eKordika\u201c je i danas u poslu &#8211; zimi u poslu ribarenja a ljeti ribarenja s turistima.<br \/>\nGodine 2002. kupujemo brod &#8220;Kordika dva&#8221;, 21- metarski ribarski brod koji smo prenamijenili za rad s turistima i ribarenje. Na\u017ealost, dolaskom novog zakona o zabrani ribarenja me\u0111u otocima ve\u0107im brodovima bili smo prisiljeni prodati \u201eKordiku dva\u201c te kupiti brod namijenjen samo prijevozu turista \u2013 \u201eDiadoru\u201c.<br \/>\nUskoro se pokazalo da taj brod nije adekvatan te 2007. godine kupujemo brod &#8220;Eros&#8221; &#8211; danas najmoderniji i najopremljeniji brod na otoku Rabu.<\/p>\n","protected":false},"excerpt":{"rendered":"<p>Ozbiljniji obrisi plovidbe s turistima naziru se iz 1985. godine kada smo kupili prvi brod, &#8220;Dupin&#8221;, te iz 1988. godine kada prodajemo &#8220;Dupina&#8221; i kupujemo 15-metarski brod &#8220;Kordiku&#8221; &#8211; ve\u0107i i opremljeniji od prethodnog, koji u potpunosti zadovoljava potrebe na\u0161ih klijenata. \u201eKordika\u201c je i danas u poslu &#8211; zimi u poslu ribarenja a ljeti ribarenja [&hellip;]<\/p>\n","protected":false},"author":1,"featured_media":0,"parent":0,"menu_order":0,"comment_status":"closed","ping_status":"closed","template":"","meta":{"_acf_changed":false,"_et_pb_use_builder":"","_et_pb_old_content":"","_et_gb_content_width":"","inline_featured_image":false,"footnotes":""},"class_list":["post-44","page","type-page","status-publish","hentry"],"acf":[],"_links":{"self":[{"href":"https:\/\/rab-excursions.com\/hr\/wp-json\/wp\/v2\/pages\/44","targetHints":{"allow":["GET"]}}],"collection":[{"href":"https:\/\/rab-excursions.com\/hr\/wp-json\/wp\/v2\/pages"}],"about":[{"href":"https:\/\/rab-excursions.com\/hr\/wp-json\/wp\/v2\/types\/page"}],"author":[{"embeddable":true,"href":"https:\/\/rab-excursions.com\/hr\/wp-json\/wp\/v2\/users\/1"}],"replies":[{"embeddable":true,"href":"https:\/\/rab-excursions.com\/hr\/wp-json\/wp\/v2\/comments?post=44"}],"version-history":[{"count":0,"href":"https:\/\/rab-excursions.com\/hr\/wp-json\/wp\/v2\/pages\/44\/revisions"}],"wp:attachment":[{"href":"https:\/\/rab-excursions.com\/hr\/wp-json\/wp\/v2\/media?parent=44"}],"curies":[{"name":"wp","href":"https:\/\/api.w.org\/{rel}","templated":true}]}}