{"id":46,"date":"2024-04-11T08:07:28","date_gmt":"2024-04-11T06:07:28","guid":{"rendered":"https:\/\/rab-excursions.com\/?page_id=46"},"modified":"2024-07-05T10:56:36","modified_gmt":"2024-07-05T08:56:36","slug":"smjestaj","status":"publish","type":"page","link":"https:\/\/rab-excursions.com\/hr\/smjestaj\/","title":{"rendered":"Smje\u0161taj"},"content":{"rendered":"<h2>Sobe<\/h2>\n<p>Dvokrevetne s pomo\u0107nim le\u017eajem.<br \/>\nSve imaju tu\u0161, wc, balkon, televizor i sobni fri\u017eider.<\/p>\n<h2><\/h2>\n<h2>Apartmani<\/h2>\n<h2><\/h2>\n<h4 class=\"app\">Apartman za 2+1 osoba, cca 25m<sup>2<\/sup><\/h4>\n<h2><\/h2>\n<p>Sastoji se od:<\/p>\n<ul class=\"app-ul\">\n<li>sobe s bra\u010dnim i dodatnim krevetom,<\/li>\n<li>dnevnog dijela s kuhinjom,<\/li>\n<li>tu\u0161 s wc-om,<\/li>\n<li>terasa cca 9m<sup>2<\/sup>\u00a0s tendom<\/li>\n<\/ul>\n<h2><\/h2>\n<h4 class=\"app\">Apartman za 2+3 osoba, u potkrovlju, cca 50m<sup>2<\/sup><\/h4>\n<h2><\/h2>\n<p>Sastoji se od:<\/p>\n<ul class=\"app-ul\">\n<li>sobe s bra\u010dnim krevetom,<\/li>\n<li>dnevnog dijela s kuhinjom i blagovaonom,<\/li>\n<li>kutka za sjedenje (pomo\u0107ni le\u017eaj),<\/li>\n<li>2 dodatna le\u017eaja,<\/li>\n<li>tu\u0161a s wc-om,<\/li>\n<li>terasa cca 5m<sup>2<\/sup>\u00a0s tendom<\/li>\n<\/ul>\n<p>Oba apartmana imaju televizor, fri\u017eider, \u0161tednjak, posu\u0111e, klima ure\u0111aj.<\/p>\n<h2><\/h2>\n<h2>Udaljenosti<\/h2>\n<ul class=\"distance\">\n<li>Pla\u017ea: 200m<\/li>\n<li>Trgovina: 100m<\/li>\n<li>Restoran: 150m<\/li>\n<\/ul>\n<h2><\/h2>\n<h3>Ako \u017eelite besplatnu vo\u017enju, provedite odmor kod nas!<\/h3>\n<p>Ukoliko se odlu\u010dite s nama provesti odmor u trajanju od najmanje 7 dana, nagra\u0111ujemo vas s besplatnom vo\u017enjom za cijelu obitelj po izboru!<\/p>\n<p>Uvjet je jedino da se za vo\u017enju prijavite 2-3 dana ranije.<\/p>\n<h2><\/h2>\n<h3>Kontaktirajte nas za rezervacije i vi\u0161e informacija:<\/h3>\n<h2><\/h2>\n<p>Mira Kordi\u0107<br \/>\nBarbat 300<br \/>\n51 280 Rab<br \/>\nHrvatska<\/p>\n<p>Telefon i fax:<br \/>\n(+385) 51 721 313<br \/>\nMobilni telefon:<br \/>\n(+385) 98 327 208<\/p>\n","protected":false},"excerpt":{"rendered":"<p>Sobe Dvokrevetne s pomo\u0107nim le\u017eajem. Sve imaju tu\u0161, wc, balkon, televizor i sobni fri\u017eider. Apartmani Apartman za 2+1 osoba, cca 25m2 Sastoji se od: sobe s bra\u010dnim i dodatnim krevetom, dnevnog dijela s kuhinjom, tu\u0161 s wc-om, terasa cca 9m2\u00a0s tendom Apartman za 2+3 osoba, u potkrovlju, cca 50m2 Sastoji se od: sobe s bra\u010dnim [&hellip;]<\/p>\n","protected":false},"author":1,"featured_media":0,"parent":0,"menu_order":0,"comment_status":"closed","ping_status":"closed","template":"","meta":{"_acf_changed":false,"_et_pb_use_builder":"","_et_pb_old_content":"","_et_gb_content_width":"","inline_featured_image":false,"footnotes":""},"class_list":["post-46","page","type-page","status-publish","hentry"],"acf":[],"_links":{"self":[{"href":"https:\/\/rab-excursions.com\/hr\/wp-json\/wp\/v2\/pages\/46","targetHints":{"allow":["GET"]}}],"collection":[{"href":"https:\/\/rab-excursions.com\/hr\/wp-json\/wp\/v2\/pages"}],"about":[{"href":"https:\/\/rab-excursions.com\/hr\/wp-json\/wp\/v2\/types\/page"}],"author":[{"embeddable":true,"href":"https:\/\/rab-excursions.com\/hr\/wp-json\/wp\/v2\/users\/1"}],"replies":[{"embeddable":true,"href":"https:\/\/rab-excursions.com\/hr\/wp-json\/wp\/v2\/comments?post=46"}],"version-history":[{"count":0,"href":"https:\/\/rab-excursions.com\/hr\/wp-json\/wp\/v2\/pages\/46\/revisions"}],"wp:attachment":[{"href":"https:\/\/rab-excursions.com\/hr\/wp-json\/wp\/v2\/media?parent=46"}],"curies":[{"name":"wp","href":"https:\/\/api.w.org\/{rel}","templated":true}]}}