{"id":48,"date":"2024-04-11T08:07:40","date_gmt":"2024-04-11T06:07:40","guid":{"rendered":"https:\/\/rab-excursions.com\/?page_id=48"},"modified":"2024-04-15T11:59:36","modified_gmt":"2024-04-15T09:59:36","slug":"faq","status":"publish","type":"page","link":"https:\/\/rab-excursions.com\/hr\/faq\/","title":{"rendered":"FAQ"},"content":{"rendered":"<h2>Ho\u0107emo li vidjeti dupine?<\/h2>\n<p>Ovo je definitivno naj\u010de\u0161\u0107e postavljeno pitanje \u2013 na koje je vrlo te\u0161ko odgovoriti.<\/p>\n<p>\u010cinjenica jest da ih vrlo \u010desto sre\u0107emo, dogodi se da nai\u0111emo na njih i nekoliko puta tijekom jedne vo\u017enje, ali isto se tako zna dogoditi da ih ne sretnemo. To \u0161to ste \u010duli da je oko otoka Lo\u0161inja rezervat za dupine ne zna\u010di da su oni ogra\u0111eni, oni su i dalje slobodni i plivaju gdje \u017eele (mi smo ih \u010dak \u010de\u0161\u0107e sretali u akvatoriju otoka Raba).<\/p>\n<p>Dakle, nitko vam ne mo\u017ee sa stopostotnom sigurno\u0161\u0107u obe\u0107ati da \u0107ete vidjeti dupine, iako \u0107e se mnogi truditi da vas uvjere u to. Ne nasjedajte, to je samo pitanje sre\u0107e \u2013 koja nas je do sada mnogo puta poslu\u017eila.<\/p>\n<h2>\u0160to zna\u010de cijevi koje se vide po otocima?<\/h2>\n<p>Ono \u0161to izdaleka izgleda kao cijev, u stvari je suhozid \u2013 tradicionalni oblik ome\u0111ivanja parcele i na\u010din da se ovce zadr\u017ee na terenu svog vlasnika.<\/p>\n<p>\u010cesto su stari i po nekoliko stotina godina i rezultat su mukotrpnog rada ovda\u0161njih ljudi koji su svojim rukama slagali kamen na kamen, bez ikakvog veziva, u strukture koje jo\u0161 i danas opstaju. Oni su svojevrsni spomenik ljudskom radu i te\u0161kom \u017eivotu na otocima.<\/p>\n<h2>Koja je najve\u0107a dubina oko otoka Raba?<\/h2>\n<p>Najve\u0107a je dubina 112 metara, nalazi se izme\u0111u kopna i otoka Raba. Za mjerenje trenutne dubine mora koristimo dubinomjer koji se nalazi u kormilarici.<\/p>\n","protected":false},"excerpt":{"rendered":"<p>Ho\u0107emo li vidjeti dupine? Ovo je definitivno naj\u010de\u0161\u0107e postavljeno pitanje \u2013 na koje je vrlo te\u0161ko odgovoriti. \u010cinjenica jest da ih vrlo \u010desto sre\u0107emo, dogodi se da nai\u0111emo na njih i nekoliko puta tijekom jedne vo\u017enje, ali isto se tako zna dogoditi da ih ne sretnemo. To \u0161to ste \u010duli da je oko otoka Lo\u0161inja [&hellip;]<\/p>\n","protected":false},"author":1,"featured_media":0,"parent":0,"menu_order":0,"comment_status":"closed","ping_status":"closed","template":"","meta":{"_acf_changed":false,"_et_pb_use_builder":"","_et_pb_old_content":"","_et_gb_content_width":"","inline_featured_image":false,"footnotes":""},"class_list":["post-48","page","type-page","status-publish","hentry"],"acf":[],"_links":{"self":[{"href":"https:\/\/rab-excursions.com\/hr\/wp-json\/wp\/v2\/pages\/48","targetHints":{"allow":["GET"]}}],"collection":[{"href":"https:\/\/rab-excursions.com\/hr\/wp-json\/wp\/v2\/pages"}],"about":[{"href":"https:\/\/rab-excursions.com\/hr\/wp-json\/wp\/v2\/types\/page"}],"author":[{"embeddable":true,"href":"https:\/\/rab-excursions.com\/hr\/wp-json\/wp\/v2\/users\/1"}],"replies":[{"embeddable":true,"href":"https:\/\/rab-excursions.com\/hr\/wp-json\/wp\/v2\/comments?post=48"}],"version-history":[{"count":0,"href":"https:\/\/rab-excursions.com\/hr\/wp-json\/wp\/v2\/pages\/48\/revisions"}],"wp:attachment":[{"href":"https:\/\/rab-excursions.com\/hr\/wp-json\/wp\/v2\/media?parent=48"}],"curies":[{"name":"wp","href":"https:\/\/api.w.org\/{rel}","templated":true}]}}