{"id":50,"date":"2024-04-11T08:07:50","date_gmt":"2024-04-11T06:07:50","guid":{"rendered":"https:\/\/rab-excursions.com\/?page_id=50"},"modified":"2024-04-15T11:47:44","modified_gmt":"2024-04-15T09:47:44","slug":"lokacija","status":"publish","type":"page","link":"https:\/\/rab-excursions.com\/hr\/lokacija\/","title":{"rendered":"Lokacija"},"content":{"rendered":"<p>Brodovi &#8220;Eros&#8221; i &#8220;Kordika&#8221; vezani su u rapskoj luci na glavnoj rivi.<\/p>\n<p>Mo\u017eete nas posjetiti svake ve\u010deri od 19 do 23 sata i rezervirati kartu u sezoni, a u predsezoni i posezoni to je mogu\u0107e u\u010diniti od 19 do 22 sata, u slu\u010daju lo\u0161eg vremena i po danu.<\/p>\n<p>Naravno, uvijek nas mo\u017eete dobiti na na\u0161e brojeve telefona koji se nalaze\u00a0<a href=\"https:\/\/rab-excursions.com\/kontakt\/\">ovdje.<\/a><\/p>\n<p><a class=\"pop\" href=\"#lokacija\">Pogledaj lokaciju<\/a><\/p>\n","protected":false},"excerpt":{"rendered":"<p>Brodovi &#8220;Eros&#8221; i &#8220;Kordika&#8221; vezani su u rapskoj luci na glavnoj rivi. Mo\u017eete nas posjetiti svake ve\u010deri od 19 do 23 sata i rezervirati kartu u sezoni, a u predsezoni i posezoni to je mogu\u0107e u\u010diniti od 19 do 22 sata, u slu\u010daju lo\u0161eg vremena i po danu. Naravno, uvijek nas mo\u017eete dobiti na na\u0161e [&hellip;]<\/p>\n","protected":false},"author":1,"featured_media":0,"parent":0,"menu_order":0,"comment_status":"closed","ping_status":"closed","template":"","meta":{"_acf_changed":false,"_et_pb_use_builder":"","_et_pb_old_content":"","_et_gb_content_width":"","inline_featured_image":false,"footnotes":""},"class_list":["post-50","page","type-page","status-publish","hentry"],"acf":[],"_links":{"self":[{"href":"https:\/\/rab-excursions.com\/hr\/wp-json\/wp\/v2\/pages\/50","targetHints":{"allow":["GET"]}}],"collection":[{"href":"https:\/\/rab-excursions.com\/hr\/wp-json\/wp\/v2\/pages"}],"about":[{"href":"https:\/\/rab-excursions.com\/hr\/wp-json\/wp\/v2\/types\/page"}],"author":[{"embeddable":true,"href":"https:\/\/rab-excursions.com\/hr\/wp-json\/wp\/v2\/users\/1"}],"replies":[{"embeddable":true,"href":"https:\/\/rab-excursions.com\/hr\/wp-json\/wp\/v2\/comments?post=50"}],"version-history":[{"count":0,"href":"https:\/\/rab-excursions.com\/hr\/wp-json\/wp\/v2\/pages\/50\/revisions"}],"wp:attachment":[{"href":"https:\/\/rab-excursions.com\/hr\/wp-json\/wp\/v2\/media?parent=50"}],"curies":[{"name":"wp","href":"https:\/\/api.w.org\/{rel}","templated":true}]}}