{"id":9,"date":"2024-04-09T23:16:47","date_gmt":"2024-04-09T23:16:47","guid":{"rendered":"https:\/\/rab-excursions.com\/?page_id=9"},"modified":"2024-04-15T08:44:57","modified_gmt":"2024-04-15T06:44:57","slug":"pocetna","status":"publish","type":"page","link":"https:\/\/rab-excursions.com\/hr\/","title":{"rendered":"Po\u010detna"},"content":{"rendered":"<p>Da biste u potpunosti do\u017eivjeli odmor na otoku i osjetili more na sasvim druga\u010diji na\u010din, nudimo vam nekoliko izleta brodom. Mo\u017eete s nama otploviti do drugih kvarnerskih otoka &#8211; Lo\u0161inja, Cresa, Krka, Paga &#8211; ili oploviti otok Rab i posjetiti jedinstveni \u201cfjord\u201d Zavratnicu, Goli otok i Grgur. Mi \u0107emo vam pomo\u0107i da otkrijete najzanimljivije tajne ovog podneblja. Mo\u017eete isto tako provesti nezaboravan dan u autenti\u010dnom ribolovu s na\u0161im ribarima te osjetiti izvorni okus svje\u017ee ulovljene i pripremljene ribe i ostalih morskih delicija, i okupati se u jednoj od najljep\u0161ih uvala otoka Paga.<br \/>\n\u010cesti su suputnici u na\u0161im plovidbama i delfini, i ukoliko budete te sre\u0107e vjerujemo da \u0107e vam to biti nezaboravan do\u017eivljaj, kao \u0161to je, uostalom, i nama samima. Polazak za sve izlete je iz rapske luke, ali ukoliko ste smje\u0161teni u daljim mjestima, poput Lopara i San Marina, ili u auto kampovima, mi vam mo\u017eemo organizirati prijevoz &#8211; ili osigurati cjelodnevno povoljno parkirno mjesto.<br \/>\n<strong>Ako pak \u017eelite na neki od ovih izleta besplatno, provedite odmor kod nas.<\/strong><\/p>\n","protected":false},"excerpt":{"rendered":"<p>Da biste u potpunosti do\u017eivjeli odmor na otoku i osjetili more na sasvim druga\u010diji na\u010din, nudimo vam nekoliko izleta brodom. Mo\u017eete s nama otploviti do drugih kvarnerskih otoka &#8211; Lo\u0161inja, Cresa, Krka, Paga &#8211; ili oploviti otok Rab i posjetiti jedinstveni \u201cfjord\u201d Zavratnicu, Goli otok i Grgur. Mi \u0107emo vam pomo\u0107i da otkrijete najzanimljivije tajne [&hellip;]<\/p>\n","protected":false},"author":1,"featured_media":0,"parent":0,"menu_order":0,"comment_status":"closed","ping_status":"closed","template":"","meta":{"_acf_changed":false,"_et_pb_use_builder":"","_et_pb_old_content":"","_et_gb_content_width":"","inline_featured_image":false,"footnotes":""},"class_list":["post-9","page","type-page","status-publish","hentry"],"acf":[],"_links":{"self":[{"href":"https:\/\/rab-excursions.com\/hr\/wp-json\/wp\/v2\/pages\/9","targetHints":{"allow":["GET"]}}],"collection":[{"href":"https:\/\/rab-excursions.com\/hr\/wp-json\/wp\/v2\/pages"}],"about":[{"href":"https:\/\/rab-excursions.com\/hr\/wp-json\/wp\/v2\/types\/page"}],"author":[{"embeddable":true,"href":"https:\/\/rab-excursions.com\/hr\/wp-json\/wp\/v2\/users\/1"}],"replies":[{"embeddable":true,"href":"https:\/\/rab-excursions.com\/hr\/wp-json\/wp\/v2\/comments?post=9"}],"version-history":[{"count":0,"href":"https:\/\/rab-excursions.com\/hr\/wp-json\/wp\/v2\/pages\/9\/revisions"}],"wp:attachment":[{"href":"https:\/\/rab-excursions.com\/hr\/wp-json\/wp\/v2\/media?parent=9"}],"curies":[{"name":"wp","href":"https:\/\/api.w.org\/{rel}","templated":true}]}}