{"id":1086,"date":"2024-04-13T09:52:28","date_gmt":"2024-04-13T07:52:28","guid":{"rendered":"https:\/\/rab-excursions.com\/miert-nekem\/"},"modified":"2024-04-13T09:52:28","modified_gmt":"2024-04-13T07:52:28","slug":"miert-nekem","status":"publish","type":"page","link":"https:\/\/rab-excursions.com\/hu\/miert-nekem\/","title":{"rendered":"Mi\u00e9rt nekem"},"content":{"rendered":"<p>N\u00e1lunk a haj\u00f3z\u00e1s \u00e9s a turist\u00e1k fogad\u00e1sa t\u00f6bb\u00e9ves csal\u00e1di hagyom\u00e1ny. Minden haj\u00f3nkon tart\u00f3zkodik csal\u00e1dunk egy tagja.<\/p>\n<h2>ZMi\u00e9rt az \u201eEros\u201c haj\u00f3t v\u00e1lassza?<\/h2>\n<ul>\n<li>a legmodernebb, leggyorsabb \u00e9s legkomfortosabb haj\u00f3 Rabon<\/li>\n<li>a legteljesebb programot ny\u00fajtjuk \u00d6n\u00f6knek, mindezt 5 nyelven<\/li>\n<li>nagy napos \u00e9s fedett fed\u00e9lzet<\/li>\n<li>nagy, 120 \u00e9s egy kisebb, 20 f\u0151t befogad\u00f3 szalon rossz id\u0151 eset\u00e9re<\/li>\n<\/ul>\n<h2>Mi\u00e9rt a \u201eKordika\u201c haj\u00f3t v\u00e1lassza?<\/h2>\n<ul>\n<li>&#8211; egy eredeti hal\u00e1szat felejthetetlen \u00e9lm\u00e9nye<\/li>\n<li>a kir\u00e1ndul\u00e1sok leg\u0151sibb form\u00e1ja, melyen egyes\u00edtj\u00fck a hal\u00e1szatot \u00e9s a szak\u00e1csm\u0171v\u00e9szetet<\/li>\n<li>a haj\u00f3t profi hal\u00e1szok vezetik, akik mesters\u00e9g\u00fck legapr\u00f3bb titkaiba vezetik be utasainkat, majd \u00d6n\u00f6k el\u0151tt k\u00e9sz\u00edtik el a vacsor\u00e1t ( pl.tiszt\u00edtj\u00e1k a halat)<\/li>\n<li>Pag-sziget legszebb \u00f6bl\u00e9ben f\u00fcr\u00f6dhetnek, ahol megtapasztalhatj\u00e1k az itt tal\u00e1lhat\u00f3 agyag j\u00f3t\u00e9kony hat\u00e1s\u00e1t<\/li>\n<\/ul>\n","protected":false},"excerpt":{"rendered":"<p>N\u00e1lunk a haj\u00f3z\u00e1s \u00e9s a turist\u00e1k fogad\u00e1sa t\u00f6bb\u00e9ves csal\u00e1di hagyom\u00e1ny. Minden haj\u00f3nkon tart\u00f3zkodik csal\u00e1dunk egy tagja. ZMi\u00e9rt az \u201eEros\u201c haj\u00f3t v\u00e1lassza? a legmodernebb, leggyorsabb \u00e9s legkomfortosabb haj\u00f3 Rabon a legteljesebb programot ny\u00fajtjuk \u00d6n\u00f6knek, mindezt 5 nyelven nagy napos \u00e9s fedett fed\u00e9lzet nagy, 120 \u00e9s egy kisebb, 20 f\u0151t befogad\u00f3 szalon rossz id\u0151 eset\u00e9re Mi\u00e9rt a [&hellip;]<\/p>\n","protected":false},"author":1,"featured_media":0,"parent":0,"menu_order":0,"comment_status":"closed","ping_status":"closed","template":"","meta":{"_acf_changed":false,"_et_pb_use_builder":"","_et_pb_old_content":"","_et_gb_content_width":"","inline_featured_image":false,"footnotes":""},"class_list":["post-1086","page","type-page","status-publish","hentry"],"acf":[],"_links":{"self":[{"href":"https:\/\/rab-excursions.com\/hu\/wp-json\/wp\/v2\/pages\/1086","targetHints":{"allow":["GET"]}}],"collection":[{"href":"https:\/\/rab-excursions.com\/hu\/wp-json\/wp\/v2\/pages"}],"about":[{"href":"https:\/\/rab-excursions.com\/hu\/wp-json\/wp\/v2\/types\/page"}],"author":[{"embeddable":true,"href":"https:\/\/rab-excursions.com\/hu\/wp-json\/wp\/v2\/users\/1"}],"replies":[{"embeddable":true,"href":"https:\/\/rab-excursions.com\/hu\/wp-json\/wp\/v2\/comments?post=1086"}],"version-history":[{"count":0,"href":"https:\/\/rab-excursions.com\/hu\/wp-json\/wp\/v2\/pages\/1086\/revisions"}],"wp:attachment":[{"href":"https:\/\/rab-excursions.com\/hu\/wp-json\/wp\/v2\/media?parent=1086"}],"curies":[{"name":"wp","href":"https:\/\/api.w.org\/{rel}","templated":true}]}}