{"id":1090,"date":"2024-04-11T08:07:12","date_gmt":"2024-04-11T06:07:12","guid":{"rendered":"https:\/\/rab-excursions.com\/rolunk\/"},"modified":"2024-07-05T11:43:48","modified_gmt":"2024-07-05T09:43:48","slug":"rolunk","status":"publish","type":"page","link":"https:\/\/rab-excursions.com\/hu\/rolunk\/","title":{"rendered":"R\u00f3lunk"},"content":{"rendered":"<p>1985-t\u0151l foglalkozunk hivat\u00e1sszer\u0171en is turist\u00e1kkal, amikor eladtuk a \u201eDupin\u201c ( delfin) nev\u0171 haj\u00f3nkat \u00e9s megvett\u00fck a 15 m hossz\u00fa \u201eKordika\u201c-t , mely nagyobb \u00e9s felszereltebb az el\u0151z\u0151n\u00e9l, \u00edgy teljes m\u00e9rt\u00e9kben a vend\u00e9geink k\u00e9nyelm\u00e9t szolg\u00e1lja. \u201e Kordika\u201c-nak ma rengeteg munk\u00e1ja van \u2013 t\u00e9len csak hal\u00e1szhaj\u00f3, ny\u00e1ron pedig hal\u00e1sz-\u00e9s turistahaj\u00f3.<br \/>\n2002-ben vett\u00fck meg a \u201eKordika 2-ot, egy 21 m hossz\u00fa haj\u00f3t, melyet szint\u00e9n hal\u00e1sz-\u00e9s turistahaj\u00f3k\u00e9nt haszn\u00e1ltunk. Sajnos, egy \u00faj t\u00f6rv\u00e9ny miatt, mely nagyobb haj\u00f3knak megtiltotta a szigetek k\u00f6z\u00f6tti hal\u00e1szatot, k\u00e9nytelenek voltunk eladni \u00e9s megvenni a \u201e Diadora\u201c-t, melyet csak turist\u00e1k sz\u00e1ll\u00edt\u00e1s\u00e1ra szolg\u00e1l.<br \/>\nHamar megbizonyosodtunk r\u00f3la, hogy ez a haj\u00f3 nem el\u00e9g\u00edti ki ig\u00e9nyeinket, ez\u00e9rt 2007-ben megvett\u00fck az \u201eEros\u201c-t , mely ma a legmodernebb \u00e9s legjobban felszerelt haj\u00f3 a Rab-szigeten.<\/p>\n","protected":false},"excerpt":{"rendered":"<p>1985-t\u0151l foglalkozunk hivat\u00e1sszer\u0171en is turist\u00e1kkal, amikor eladtuk a \u201eDupin\u201c ( delfin) nev\u0171 haj\u00f3nkat \u00e9s megvett\u00fck a 15 m hossz\u00fa \u201eKordika\u201c-t , mely nagyobb \u00e9s felszereltebb az el\u0151z\u0151n\u00e9l, \u00edgy teljes m\u00e9rt\u00e9kben a vend\u00e9geink k\u00e9nyelm\u00e9t szolg\u00e1lja. \u201e Kordika\u201c-nak ma rengeteg munk\u00e1ja van \u2013 t\u00e9len csak hal\u00e1szhaj\u00f3, ny\u00e1ron pedig hal\u00e1sz-\u00e9s turistahaj\u00f3. 2002-ben vett\u00fck meg a \u201eKordika 2-ot, egy [&hellip;]<\/p>\n","protected":false},"author":1,"featured_media":0,"parent":0,"menu_order":0,"comment_status":"closed","ping_status":"closed","template":"","meta":{"_acf_changed":false,"_et_pb_use_builder":"","_et_pb_old_content":"","_et_gb_content_width":"","inline_featured_image":false,"footnotes":""},"class_list":["post-1090","page","type-page","status-publish","hentry"],"acf":[],"_links":{"self":[{"href":"https:\/\/rab-excursions.com\/hu\/wp-json\/wp\/v2\/pages\/1090","targetHints":{"allow":["GET"]}}],"collection":[{"href":"https:\/\/rab-excursions.com\/hu\/wp-json\/wp\/v2\/pages"}],"about":[{"href":"https:\/\/rab-excursions.com\/hu\/wp-json\/wp\/v2\/types\/page"}],"author":[{"embeddable":true,"href":"https:\/\/rab-excursions.com\/hu\/wp-json\/wp\/v2\/users\/1"}],"replies":[{"embeddable":true,"href":"https:\/\/rab-excursions.com\/hu\/wp-json\/wp\/v2\/comments?post=1090"}],"version-history":[{"count":0,"href":"https:\/\/rab-excursions.com\/hu\/wp-json\/wp\/v2\/pages\/1090\/revisions"}],"wp:attachment":[{"href":"https:\/\/rab-excursions.com\/hu\/wp-json\/wp\/v2\/media?parent=1090"}],"curies":[{"name":"wp","href":"https:\/\/api.w.org\/{rel}","templated":true}]}}