{"id":113,"date":"2024-04-09T23:16:47","date_gmt":"2024-04-09T21:16:47","guid":{"rendered":"https:\/\/rab-excursions.com\/home\/"},"modified":"2024-04-15T10:37:33","modified_gmt":"2024-04-15T08:37:33","slug":"home","status":"publish","type":"page","link":"https:\/\/rab-excursions.com\/hu\/","title":{"rendered":"Home"},"content":{"rendered":"<p>Ahhoz, hogy a legteljesebben t\u00f6lts\u00e9k el a szabads\u00e1gukat \u00e9s a tengert egy nagyon k\u00fcl\u00f6nleges m\u00f3don fedezz\u00e9k fel, haj\u00f3s kir\u00e1ndul\u00e1sokat aj\u00e1nlunk \u00d6n\u00f6knek: elutazhat vel\u00fcnk a Kvarner t\u00f6bbi sziget\u00e9re (Losinj, Cres, Krk, Pag), illetve a Rab-sziget m\u00e1sik oldal\u00e1n megl\u00e1togathatja a Zavratnica fjordot, Goli-szigetet \u00e9s Grgur-t. Egy felejthetetlen napot t\u00f6lthetnek vel\u00fcnk egy eredeti hal\u00e1szaton saj\u00e1t hal\u00e1szainkkal, ahol azonnal meg is k\u00f3stolhatj\u00e1k a frissen fogott \u00e9s a haj\u00f3n azonnal elk\u00e9sz\u00edtett tengeri finoms\u00e1gokat, majd Pag-sziget legszebb \u00f6bl\u00e9ben f\u00fcr\u00f6dhetnek.<br \/>\nGyakori vend\u00e9geink utjaink sor\u00e1n a delfinek \u2013 felejthetetlen \u00e9lm\u00e9nnyel gazdagodhat, ha siker\u00fcl tal\u00e1lkoznunk vel\u00fck. Minden kir\u00e1ndul\u00e1s a Rab v\u00e1ros kik\u00f6t\u0151j\u00e9b\u0151l indul. Amennyiben t\u00e1volabb van a sz\u00e1ll\u00e1suk (Lopar vagy San Marino), illetve aut\u00f3kampingben nyaralnak, megszervezz\u00fck az utaz\u00e1st, illetve eg\u00e9sz napos kedvezm\u00e9nyes parkol\u00f3helyet biztos\u00edtunk.<br \/>\n<strong>Ha pedig egyik kir\u00e1ndul\u00e1sunkra ingyen szeretne elj\u00f6nni, foglaljon sz\u00e1ll\u00e1st n\u00e1lunk!<\/strong><\/p>\n","protected":false},"excerpt":{"rendered":"<p>Ahhoz, hogy a legteljesebben t\u00f6lts\u00e9k el a szabads\u00e1gukat \u00e9s a tengert egy nagyon k\u00fcl\u00f6nleges m\u00f3don fedezz\u00e9k fel, haj\u00f3s kir\u00e1ndul\u00e1sokat aj\u00e1nlunk \u00d6n\u00f6knek: elutazhat vel\u00fcnk a Kvarner t\u00f6bbi sziget\u00e9re (Losinj, Cres, Krk, Pag), illetve a Rab-sziget m\u00e1sik oldal\u00e1n megl\u00e1togathatja a Zavratnica fjordot, Goli-szigetet \u00e9s Grgur-t. Egy felejthetetlen napot t\u00f6lthetnek vel\u00fcnk egy eredeti hal\u00e1szaton saj\u00e1t hal\u00e1szainkkal, ahol azonnal [&hellip;]<\/p>\n","protected":false},"author":1,"featured_media":0,"parent":0,"menu_order":0,"comment_status":"closed","ping_status":"closed","template":"","meta":{"_acf_changed":false,"_et_pb_use_builder":"","_et_pb_old_content":"","_et_gb_content_width":"","inline_featured_image":false,"footnotes":""},"class_list":["post-113","page","type-page","status-publish","hentry"],"acf":[],"_links":{"self":[{"href":"https:\/\/rab-excursions.com\/hu\/wp-json\/wp\/v2\/pages\/113","targetHints":{"allow":["GET"]}}],"collection":[{"href":"https:\/\/rab-excursions.com\/hu\/wp-json\/wp\/v2\/pages"}],"about":[{"href":"https:\/\/rab-excursions.com\/hu\/wp-json\/wp\/v2\/types\/page"}],"author":[{"embeddable":true,"href":"https:\/\/rab-excursions.com\/hu\/wp-json\/wp\/v2\/users\/1"}],"replies":[{"embeddable":true,"href":"https:\/\/rab-excursions.com\/hu\/wp-json\/wp\/v2\/comments?post=113"}],"version-history":[{"count":0,"href":"https:\/\/rab-excursions.com\/hu\/wp-json\/wp\/v2\/pages\/113\/revisions"}],"wp:attachment":[{"href":"https:\/\/rab-excursions.com\/hu\/wp-json\/wp\/v2\/media?parent=113"}],"curies":[{"name":"wp","href":"https:\/\/api.w.org\/{rel}","templated":true}]}}