{"id":813,"date":"2024-04-11T08:08:03","date_gmt":"2024-04-11T06:08:03","guid":{"rendered":"https:\/\/rab-excursions.com\/kapcsolat\/"},"modified":"2024-04-11T08:08:03","modified_gmt":"2024-04-11T06:08:03","slug":"kapcsolat","status":"publish","type":"page","link":"https:\/\/rab-excursions.com\/hu\/kapcsolat\/","title":{"rendered":"Kapcsolat"},"content":{"rendered":"<p>Csal\u00e1d Kordi\u0107<br \/>\nBarbat 300<br \/>\n51 280 Rab<br \/>\nHorv\u00e1torsz\u00e1g<\/p>\n<p>Telefon \u00e9s fax:<br \/>\n(+385) 51 721 313<\/p>\n<p>Mobiltelefon:<br \/>\nAngol nyelv: (+385)95 902 03 69 \u2013 Sandra<br \/>\nN\u00e9met \u00e9s olasz nyelven: (+385) 98 32 72 08 \u2013 Mira<br \/>\nMagyar nyelv: +385 98 910 7006 &#8211; Lusi<\/p>\n<p>E-mail: <a href=\"mailto:kordika@rab-excursions.com\">kordika@rab-excursions.com<\/a><\/p>\n","protected":false},"excerpt":{"rendered":"<p>Csal\u00e1d Kordi\u0107 Barbat 300 51 280 Rab Horv\u00e1torsz\u00e1g Telefon \u00e9s fax: (+385) 51 721 313 Mobiltelefon: Angol nyelv: (+385)95 902 03 69 \u2013 Sandra N\u00e9met \u00e9s olasz nyelven: (+385) 98 32 72 08 \u2013 Mira Magyar nyelv: +385 98 910 7006 &#8211; Lusi E-mail: kordika@rab-excursions.com<\/p>\n","protected":false},"author":1,"featured_media":0,"parent":0,"menu_order":0,"comment_status":"closed","ping_status":"closed","template":"","meta":{"_acf_changed":false,"_et_pb_use_builder":"","_et_pb_old_content":"","_et_gb_content_width":"","inline_featured_image":false,"footnotes":""},"class_list":["post-813","page","type-page","status-publish","hentry"],"acf":[],"_links":{"self":[{"href":"https:\/\/rab-excursions.com\/hu\/wp-json\/wp\/v2\/pages\/813","targetHints":{"allow":["GET"]}}],"collection":[{"href":"https:\/\/rab-excursions.com\/hu\/wp-json\/wp\/v2\/pages"}],"about":[{"href":"https:\/\/rab-excursions.com\/hu\/wp-json\/wp\/v2\/types\/page"}],"author":[{"embeddable":true,"href":"https:\/\/rab-excursions.com\/hu\/wp-json\/wp\/v2\/users\/1"}],"replies":[{"embeddable":true,"href":"https:\/\/rab-excursions.com\/hu\/wp-json\/wp\/v2\/comments?post=813"}],"version-history":[{"count":0,"href":"https:\/\/rab-excursions.com\/hu\/wp-json\/wp\/v2\/pages\/813\/revisions"}],"wp:attachment":[{"href":"https:\/\/rab-excursions.com\/hu\/wp-json\/wp\/v2\/media?parent=813"}],"curies":[{"name":"wp","href":"https:\/\/api.w.org\/{rel}","templated":true}]}}