{"id":838,"date":"2024-04-11T08:07:50","date_gmt":"2024-04-11T06:07:50","guid":{"rendered":"https:\/\/rab-excursions.com\/hely\/"},"modified":"2024-04-15T11:58:36","modified_gmt":"2024-04-15T09:58:36","slug":"hely","status":"publish","type":"page","link":"https:\/\/rab-excursions.com\/hu\/hely\/","title":{"rendered":"Hely"},"content":{"rendered":"<p>Az \u201eEros\u201c \u00e9s a \u201eKordika\u201c haj\u00f3k Rab v\u00e1ros f\u0151 kik\u00f6t\u0151j\u00e9ben \u00e1llom\u00e1soznak.<\/p>\n<p>A f\u0151szezonban minden este 19-23 \u00f3ra k\u00f6z\u00f6tt tudnak vend\u00e9geink jegyet foglalni, az el\u0151-\u00e9s ut\u00f3szezonban 19-22 \u00f3ra k\u00f6z\u00f6tt, rossz id\u0151 eset\u00e9n pedig eg\u00e9sz nap.<\/p>\n<p>Term\u00e9szetesen telefonon is b\u00e1rmikor megtal\u00e1lhatnak minket itt <a href=\"https:\/\/rab-excursions.com\/kontakt\/\">itt.<\/a><\/p>\n<p><a class=\"pop\" href=\"#lokacija\">Hely megtekint\u00e9se<\/a><\/p>\n","protected":false},"excerpt":{"rendered":"<p>Az \u201eEros\u201c \u00e9s a \u201eKordika\u201c haj\u00f3k Rab v\u00e1ros f\u0151 kik\u00f6t\u0151j\u00e9ben \u00e1llom\u00e1soznak. A f\u0151szezonban minden este 19-23 \u00f3ra k\u00f6z\u00f6tt tudnak vend\u00e9geink jegyet foglalni, az el\u0151-\u00e9s ut\u00f3szezonban 19-22 \u00f3ra k\u00f6z\u00f6tt, rossz id\u0151 eset\u00e9n pedig eg\u00e9sz nap. Term\u00e9szetesen telefonon is b\u00e1rmikor megtal\u00e1lhatnak minket itt itt. Hely megtekint\u00e9se<\/p>\n","protected":false},"author":1,"featured_media":0,"parent":0,"menu_order":0,"comment_status":"closed","ping_status":"closed","template":"","meta":{"_acf_changed":false,"_et_pb_use_builder":"","_et_pb_old_content":"","_et_gb_content_width":"","inline_featured_image":false,"footnotes":""},"class_list":["post-838","page","type-page","status-publish","hentry"],"acf":[],"_links":{"self":[{"href":"https:\/\/rab-excursions.com\/hu\/wp-json\/wp\/v2\/pages\/838","targetHints":{"allow":["GET"]}}],"collection":[{"href":"https:\/\/rab-excursions.com\/hu\/wp-json\/wp\/v2\/pages"}],"about":[{"href":"https:\/\/rab-excursions.com\/hu\/wp-json\/wp\/v2\/types\/page"}],"author":[{"embeddable":true,"href":"https:\/\/rab-excursions.com\/hu\/wp-json\/wp\/v2\/users\/1"}],"replies":[{"embeddable":true,"href":"https:\/\/rab-excursions.com\/hu\/wp-json\/wp\/v2\/comments?post=838"}],"version-history":[{"count":0,"href":"https:\/\/rab-excursions.com\/hu\/wp-json\/wp\/v2\/pages\/838\/revisions"}],"wp:attachment":[{"href":"https:\/\/rab-excursions.com\/hu\/wp-json\/wp\/v2\/media?parent=838"}],"curies":[{"name":"wp","href":"https:\/\/api.w.org\/{rel}","templated":true}]}}