{"id":845,"date":"2024-04-11T08:07:40","date_gmt":"2024-04-11T06:07:40","guid":{"rendered":"https:\/\/rab-excursions.com\/faq\/"},"modified":"2024-04-11T08:07:40","modified_gmt":"2024-04-11T06:07:40","slug":"faq","status":"publish","type":"page","link":"https:\/\/rab-excursions.com\/hu\/faq\/","title":{"rendered":"FAQ"},"content":{"rendered":"<h2>T\u00e9nyleg l\u00e1tunk delfineket?<\/h2>\n<p>Ez a nek\u00fcnk feltett leggyakoribb k\u00e9rd\u00e9s \u2013 de sajnos nagyon neh\u00e9z megv\u00e1laszolni.<\/p>\n<p>T\u00e9ny, hogy nagyon sokszor tal\u00e1lkozunk vel\u00fck, s\u0151t az is el\u0151fordult m\u00e1r, hogy egy \u00fat sor\u00e1n t\u00f6bbsz\u00f6r is l\u00e1thattuk \u0151ket, de ugyan\u00edgy az is megt\u00f6rt\u00e9nhet, hogy elker\u00fclnek minket. Losinj-sziget k\u00f6rny\u00e9ke imert delfin rezev\u00e1tum, de ez nem jelenti azt, hogy be vannak z\u00e1rva \u2013 szabadon \u00faszk\u00e1lhatnak a szigetek k\u00f6z\u00f6tt ( mi legt\u00f6bbsz\u00f6r a Rab-sziget k\u00f6rny\u00e9k\u00e9n l\u00e1ttuk eddig \u0151ket).<\/p>\n<p>Sajnos senki nem tudja meg\u00edg\u00e9rni a tal\u00e1lkoz\u00e1st egy haj\u00f3\u00fat sor\u00e1n, b\u00e1r biztosan nagyon sokat pr\u00f3b\u00e1lj\u00e1k majd meggy\u0151zni \u00d6n\u00f6ket az ellenkez\u0151j\u00e9r\u0151l. Mindez csak szerencse k\u00e9rd\u00e9se, mely eddig m\u00e1r nagyon sokszor hozz\u00e1nkszeg\u0151d\u00f6tt.<\/p>\n<h2>Mit jelentenek a szigeteken tal\u00e1lhat\u00f3 cs\u00f6vek?<\/h2>\n<p>A cs\u00f6veknek l\u00e1tsz\u00f3 \u00e9p\u00edtm\u00e9nyek tulajdonk\u00e9ppen falak \u2013 tradicion\u00e1lis m\u00f3dja egy parcella elker\u00edt\u00e9s\u00e9nek \u00e9s a birk\u00e1k adott ter\u00fcleten bel\u00fcl tart\u00e1s\u00e1nak.<\/p>\n<p>Gyakran t\u00f6bb sz\u00e1z \u00e9vesek, \u00e9s helyi lakosok verejt\u00e9kes munk\u00e1j\u00e1nak eredm\u00e9nye, akik k\u00f6vet k\u0151re halmoztak, \u00e9s mindenf\u00e9le meger\u0151s\u00edt\u00e9s n\u00e9lk\u00fcl a mai napig \u00e1llnak eml\u00e9ket \u00e1ll\u00edtva a neh\u00e9z emberi \u00e9letnek a szigeteken.<\/p>\n<h2>Mekkora a Rab-sziget k\u00f6r\u00fcli ter\u00fclet legm\u00e9lyebb pontja?<\/h2>\n<p>A legnagyobb m\u00e9lys\u00e9g 112m, a sz\u00e1razf\u00f6ld \u00e9s a sziget k\u00f6z\u00f6tt tal\u00e1lhat\u00f3. A m\u00e9r\u00e9shez a korm\u00e1nyker\u00e9ken tal\u00e1lhat\u00f3 m\u00e9lys\u00e9gm\u00e9r\u0151t haszn\u00e1ljuk.<\/p>\n","protected":false},"excerpt":{"rendered":"<p>T\u00e9nyleg l\u00e1tunk delfineket? Ez a nek\u00fcnk feltett leggyakoribb k\u00e9rd\u00e9s \u2013 de sajnos nagyon neh\u00e9z megv\u00e1laszolni. T\u00e9ny, hogy nagyon sokszor tal\u00e1lkozunk vel\u00fck, s\u0151t az is el\u0151fordult m\u00e1r, hogy egy \u00fat sor\u00e1n t\u00f6bbsz\u00f6r is l\u00e1thattuk \u0151ket, de ugyan\u00edgy az is megt\u00f6rt\u00e9nhet, hogy elker\u00fclnek minket. Losinj-sziget k\u00f6rny\u00e9ke imert delfin rezev\u00e1tum, de ez nem jelenti azt, hogy be vannak [&hellip;]<\/p>\n","protected":false},"author":1,"featured_media":0,"parent":0,"menu_order":0,"comment_status":"closed","ping_status":"closed","template":"","meta":{"_acf_changed":false,"_et_pb_use_builder":"","_et_pb_old_content":"","_et_gb_content_width":"","inline_featured_image":false,"footnotes":""},"class_list":["post-845","page","type-page","status-publish","hentry"],"acf":[],"_links":{"self":[{"href":"https:\/\/rab-excursions.com\/hu\/wp-json\/wp\/v2\/pages\/845","targetHints":{"allow":["GET"]}}],"collection":[{"href":"https:\/\/rab-excursions.com\/hu\/wp-json\/wp\/v2\/pages"}],"about":[{"href":"https:\/\/rab-excursions.com\/hu\/wp-json\/wp\/v2\/types\/page"}],"author":[{"embeddable":true,"href":"https:\/\/rab-excursions.com\/hu\/wp-json\/wp\/v2\/users\/1"}],"replies":[{"embeddable":true,"href":"https:\/\/rab-excursions.com\/hu\/wp-json\/wp\/v2\/comments?post=845"}],"version-history":[{"count":0,"href":"https:\/\/rab-excursions.com\/hu\/wp-json\/wp\/v2\/pages\/845\/revisions"}],"wp:attachment":[{"href":"https:\/\/rab-excursions.com\/hu\/wp-json\/wp\/v2\/media?parent=845"}],"curies":[{"name":"wp","href":"https:\/\/api.w.org\/{rel}","templated":true}]}}