{"id":872,"date":"2024-04-11T08:07:28","date_gmt":"2024-04-11T06:07:28","guid":{"rendered":"https:\/\/rab-excursions.com\/szallas\/"},"modified":"2024-07-05T12:00:02","modified_gmt":"2024-07-05T10:00:02","slug":"szallas","status":"publish","type":"page","link":"https:\/\/rab-excursions.com\/hu\/szallas\/","title":{"rendered":"Sz\u00e1ll\u00e1s"},"content":{"rendered":"<h2>Szob\u00e1k<\/h2>\n<p>k\u00e9t\u00e1gyas p\u00f3t\u00e1ggyal.<br \/>\nminden szob\u00e1hoz tartozik zuhanyz\u00f3, wc, balkon, telev\u00edzi\u00f3 \u00e9s h\u0171t\u0151szekr\u00e9ny<\/p>\n<h2><\/h2>\n<h2>Apartmanok<\/h2>\n<h2><\/h2>\n<h4 class=\"app\">Apartmanok 2+1 f\u0151s: kb 25 m<sup>2<\/sup><\/h4>\n<h2><\/h2>\n<p>Tartalmaz:<\/p>\n<ul class=\"app-ul\">\n<li>nappali+konyha,<\/li>\n<li>h\u00e1l\u00f3szoba francia\u00e1ggyal \u00e9s p\u00f3t\u00e1ggyal,<\/li>\n<li>zuhanyz\u00f3 + WC,<\/li>\n<li>t9 m<sup>2<\/sup> terasz naperny\u0151vel<\/li>\n<\/ul>\n<h2><\/h2>\n<h4 class=\"app\">Apartmanok 2+3 f\u0151s, tet\u0151t\u00e9ri, kb 50m<sup>2<\/sup><\/h4>\n<h2><\/h2>\n<p>Tartalmaz:<\/p>\n<ul class=\"app-ul\">\n<li>nappali+konyha+\u00e9tkez\u0151,<\/li>\n<li>h\u00e1l\u00f3szoba francia\u00e1ggyal,<\/li>\n<li>sarokgarnit\u00fara (p\u00f3t\u00e1gy),<\/li>\n<li>2 plussz \u00e1gy,<\/li>\n<li>zuhanyz\u00f3 + WC,<\/li>\n<li>5m<sup>2<\/sup> terasz naperny\u0151vel<\/li>\n<\/ul>\n<p>Mindk\u00e9t apartmanban van telev\u00edzi\u00f3, h\u00fct\u0151szekr\u00e9ny, ed\u00e9nyek, g\u00e1zt\u0171zhely. Az apartmanok l\u00e9gkondicion\u00e1l\u00f3val.<\/p>\n<h2><\/h2>\n<h2>T\u00e1vols\u00e1g<\/h2>\n<ul class=\"distance\">\n<li>strand: 200m<\/li>\n<li>Piac: 100m<\/li>\n<li>\u00c9tterem: 150m<\/li>\n<\/ul>\n<h2><\/h2>\n<h3>Ha ingyenesen szeretn\u00e9nek utazni, foglaljanak sz\u00e1ll\u00e1st n\u00e1lunk!<\/h3>\n<p>Amennyiben \u00fagy d\u00f6nt\u00f6ttek, hogy n\u00e1lunk szeretn\u00e9nek sz\u00e1ll\u00e1st foglalni t\u00f6bb, mint 7 napra, egy szabadon v\u00e1lasztott kir\u00e1ndul\u00e1st aj\u00e1nd\u00e9kozunk az eg\u00e9sz csal\u00e1dnak!<\/p>\n<p>Egyed\u00fcli felt\u00e9tel: k\u00e9rj\u00fck, hogy 2-3 nappal el\u0151re sz\u00f3ljanak, hogy melyik utat v\u00e1lasztott\u00e1k.<\/p>\n<h2><\/h2>\n<h3>Foglal\u00e1s \u00e9s m\u00e9g t\u00f6bb inform\u00e1ci\u00f3:<\/h3>\n<h2><\/h2>\n<p>Mira Kordi\u0107<br \/>\nBarbat 300<br \/>\n51 280 Rab<br \/>\nHorv\u00e1torsz\u00e1g<\/p>\n<p>Telefon \u00e9s fax:<br \/>\n(+385) 51 721 313<br \/>\nMobiltelefon:<br \/>\n(+385) 98 327 208<\/p>\n","protected":false},"excerpt":{"rendered":"<p>Szob\u00e1k k\u00e9t\u00e1gyas p\u00f3t\u00e1ggyal. minden szob\u00e1hoz tartozik zuhanyz\u00f3, wc, balkon, telev\u00edzi\u00f3 \u00e9s h\u0171t\u0151szekr\u00e9ny Apartmanok Apartmanok 2+1 f\u0151s: kb 25 m2 Tartalmaz: nappali+konyha, h\u00e1l\u00f3szoba francia\u00e1ggyal \u00e9s p\u00f3t\u00e1ggyal, zuhanyz\u00f3 + WC, t9 m2 terasz naperny\u0151vel Apartmanok 2+3 f\u0151s, tet\u0151t\u00e9ri, kb 50m2 Tartalmaz: nappali+konyha+\u00e9tkez\u0151, h\u00e1l\u00f3szoba francia\u00e1ggyal, sarokgarnit\u00fara (p\u00f3t\u00e1gy), 2 plussz \u00e1gy, zuhanyz\u00f3 + WC, 5m2 terasz naperny\u0151vel Mindk\u00e9t apartmanban [&hellip;]<\/p>\n","protected":false},"author":1,"featured_media":0,"parent":0,"menu_order":0,"comment_status":"closed","ping_status":"closed","template":"","meta":{"_acf_changed":false,"_et_pb_use_builder":"","_et_pb_old_content":"","_et_gb_content_width":"","inline_featured_image":false,"footnotes":""},"class_list":["post-872","page","type-page","status-publish","hentry"],"acf":[],"_links":{"self":[{"href":"https:\/\/rab-excursions.com\/hu\/wp-json\/wp\/v2\/pages\/872","targetHints":{"allow":["GET"]}}],"collection":[{"href":"https:\/\/rab-excursions.com\/hu\/wp-json\/wp\/v2\/pages"}],"about":[{"href":"https:\/\/rab-excursions.com\/hu\/wp-json\/wp\/v2\/types\/page"}],"author":[{"embeddable":true,"href":"https:\/\/rab-excursions.com\/hu\/wp-json\/wp\/v2\/users\/1"}],"replies":[{"embeddable":true,"href":"https:\/\/rab-excursions.com\/hu\/wp-json\/wp\/v2\/comments?post=872"}],"version-history":[{"count":0,"href":"https:\/\/rab-excursions.com\/hu\/wp-json\/wp\/v2\/pages\/872\/revisions"}],"wp:attachment":[{"href":"https:\/\/rab-excursions.com\/hu\/wp-json\/wp\/v2\/media?parent=872"}],"curies":[{"name":"wp","href":"https:\/\/api.w.org\/{rel}","templated":true}]}}