{"id":953,"date":"2024-04-13T09:52:45","date_gmt":"2024-04-13T07:52:45","guid":{"rendered":"https:\/\/rab-excursions.com\/kedvezmenyek\/"},"modified":"2024-04-13T09:52:45","modified_gmt":"2024-04-13T07:52:45","slug":"kedvezmenyek","status":"publish","type":"page","link":"https:\/\/rab-excursions.com\/hu\/kedvezmenyek\/","title":{"rendered":"Kedvezm\u00e9nyek"},"content":{"rendered":"<p>Gyerekeknek 6 \u00e9ves korig \u2013 100% kedvezm\u00e9ny<br \/>\n6-12 \u00e9ves korig \u2013 50% kedvezm\u00e9ny<br \/>\nMinden k\u00f6vetkez\u0151 vel\u00fcnk elt\u00f6lt\u00f6tt eb\u00e9d n\u00e9lk\u00fcli kir\u00e1ndul\u00e1s \u00e1r\u00e1b\u00f3l 10 % kedvezm\u00e9ny<br \/>\nCsoportoknak 20 f\u0151 felett \u00e9s utaz\u00e1si irod\u00e1k vend\u00e9geinek megbesz\u00e9l\u00e9s szerinti kedvezm\u00e9nyek<br \/>\nEl\u0151-\u00e9s ut\u00f3szezonban csoportoknak \u00e9s utaz\u00e1si irod\u00e1knak alternat\u00edv kir\u00e1ndul\u00e1sokat is szervez\u00fcnk<br \/>\nEl\u0151-\u00e9s ut\u00f3szezonban rendezv\u00e9nyek megbesz\u00e9l\u00e9s<\/p>\n","protected":false},"excerpt":{"rendered":"<p>Gyerekeknek 6 \u00e9ves korig \u2013 100% kedvezm\u00e9ny 6-12 \u00e9ves korig \u2013 50% kedvezm\u00e9ny Minden k\u00f6vetkez\u0151 vel\u00fcnk elt\u00f6lt\u00f6tt eb\u00e9d n\u00e9lk\u00fcli kir\u00e1ndul\u00e1s \u00e1r\u00e1b\u00f3l 10 % kedvezm\u00e9ny Csoportoknak 20 f\u0151 felett \u00e9s utaz\u00e1si irod\u00e1k vend\u00e9geinek megbesz\u00e9l\u00e9s szerinti kedvezm\u00e9nyek El\u0151-\u00e9s ut\u00f3szezonban csoportoknak \u00e9s utaz\u00e1si irod\u00e1knak alternat\u00edv kir\u00e1ndul\u00e1sokat is szervez\u00fcnk El\u0151-\u00e9s ut\u00f3szezonban rendezv\u00e9nyek megbesz\u00e9l\u00e9s<\/p>\n","protected":false},"author":1,"featured_media":0,"parent":0,"menu_order":0,"comment_status":"closed","ping_status":"closed","template":"","meta":{"_acf_changed":false,"_et_pb_use_builder":"","_et_pb_old_content":"","_et_gb_content_width":"","inline_featured_image":false,"footnotes":""},"class_list":["post-953","page","type-page","status-publish","hentry"],"acf":[],"_links":{"self":[{"href":"https:\/\/rab-excursions.com\/hu\/wp-json\/wp\/v2\/pages\/953","targetHints":{"allow":["GET"]}}],"collection":[{"href":"https:\/\/rab-excursions.com\/hu\/wp-json\/wp\/v2\/pages"}],"about":[{"href":"https:\/\/rab-excursions.com\/hu\/wp-json\/wp\/v2\/types\/page"}],"author":[{"embeddable":true,"href":"https:\/\/rab-excursions.com\/hu\/wp-json\/wp\/v2\/users\/1"}],"replies":[{"embeddable":true,"href":"https:\/\/rab-excursions.com\/hu\/wp-json\/wp\/v2\/comments?post=953"}],"version-history":[{"count":0,"href":"https:\/\/rab-excursions.com\/hu\/wp-json\/wp\/v2\/pages\/953\/revisions"}],"wp:attachment":[{"href":"https:\/\/rab-excursions.com\/hu\/wp-json\/wp\/v2\/media?parent=953"}],"curies":[{"name":"wp","href":"https:\/\/api.w.org\/{rel}","templated":true}]}}