{"id":1289,"date":"2024-04-13T09:51:52","date_gmt":"2024-04-13T07:51:52","guid":{"rendered":"https:\/\/rab-excursions.com\/kirandulasok\/"},"modified":"2024-07-05T10:27:39","modified_gmt":"2024-07-05T08:27:39","slug":"kirandulasok","status":"publish","type":"page","link":"https:\/\/rab-excursions.com\/it\/kirandulasok\/","title":{"rendered":"Kir\u00e1ndul\u00e1sok"},"content":{"rendered":"<p>Utaz\u00e1si irod\u00e1k \u00e9s nagyobb csoportok sz\u00e1m\u00e1ra k\u00e9r\u00e9s szerint szervez\u00fcnk utakat.<\/p>\n<p>Megjegyz\u00e9s:<\/p>\n<p>az utaz\u00e1s id\u0151tartama t\u00f6bbmindent\u0151l f\u00fcgg ( id\u0151j\u00e1r\u00e1s, delfinekkel val\u00f3 tal\u00e1lkoz\u00e1s, a f\u00fcrd\u0151z\u00e9ssel elt\u00f6lt\u00f6tt id\u0151), ez\u00e9rt a kik\u00f6t\u00e9sek pontos idej\u00e9t nagyon neh\u00e9z el\u0151re megmondani. Minden egyes kik\u00f6t\u00e9sr\u0151l a haj\u00f3n id\u0151ben t\u00e1j\u00e9koztatjuk utasainkat. . rossz id\u0151 eset\u00e9ben alternat\u00edv programot aj\u00e1nlunk<\/p>\n<p>. <strong>.<\/strong><\/p>\n<p><a class=\"dokument\" href=\"\/wp-content\/uploads\/2024\/07\/Raspored-plovidbe-novi.pdf\" target=\"_blank\" rel=\"noopener\">Raspored plovidbe.pdf<\/a><\/p>\n<p><a class=\"dokument\" href=\"\/wp-content\/uploads\/2024\/04\/Karta-rute.pdf\" target=\"_blank\" rel=\"noopener\">Karta s rutama.pdf<\/a><\/p>\n","protected":false},"excerpt":{"rendered":"<p>Utaz\u00e1si irod\u00e1k \u00e9s nagyobb csoportok sz\u00e1m\u00e1ra k\u00e9r\u00e9s szerint szervez\u00fcnk utakat. Megjegyz\u00e9s: az utaz\u00e1s id\u0151tartama t\u00f6bbmindent\u0151l f\u00fcgg ( id\u0151j\u00e1r\u00e1s, delfinekkel val\u00f3 tal\u00e1lkoz\u00e1s, a f\u00fcrd\u0151z\u00e9ssel elt\u00f6lt\u00f6tt id\u0151), ez\u00e9rt a kik\u00f6t\u00e9sek pontos idej\u00e9t nagyon neh\u00e9z el\u0151re megmondani. Minden egyes kik\u00f6t\u00e9sr\u0151l a haj\u00f3n id\u0151ben t\u00e1j\u00e9koztatjuk utasainkat. . rossz id\u0151 eset\u00e9ben alternat\u00edv programot aj\u00e1nlunk . . Raspored plovidbe.pdf Karta s [&hellip;]<\/p>\n","protected":false},"author":1,"featured_media":0,"parent":0,"menu_order":0,"comment_status":"closed","ping_status":"closed","template":"","meta":{"_acf_changed":false,"_et_pb_use_builder":"","_et_pb_old_content":"","_et_gb_content_width":"","inline_featured_image":false,"footnotes":""},"class_list":["post-1289","page","type-page","status-publish","hentry"],"acf":[],"_links":{"self":[{"href":"https:\/\/rab-excursions.com\/it\/wp-json\/wp\/v2\/pages\/1289","targetHints":{"allow":["GET"]}}],"collection":[{"href":"https:\/\/rab-excursions.com\/it\/wp-json\/wp\/v2\/pages"}],"about":[{"href":"https:\/\/rab-excursions.com\/it\/wp-json\/wp\/v2\/types\/page"}],"author":[{"embeddable":true,"href":"https:\/\/rab-excursions.com\/it\/wp-json\/wp\/v2\/users\/1"}],"replies":[{"embeddable":true,"href":"https:\/\/rab-excursions.com\/it\/wp-json\/wp\/v2\/comments?post=1289"}],"version-history":[{"count":0,"href":"https:\/\/rab-excursions.com\/it\/wp-json\/wp\/v2\/pages\/1289\/revisions"}],"wp:attachment":[{"href":"https:\/\/rab-excursions.com\/it\/wp-json\/wp\/v2\/media?parent=1289"}],"curies":[{"name":"wp","href":"https:\/\/api.w.org\/{rel}","templated":true}]}}